{"id":9858,"date":"2024-12-09T09:55:02","date_gmt":"2024-12-09T08:55:02","guid":{"rendered":"https:\/\/filters.erlab.com\/catalogue\/non%20class\u00e9\/au-54-securite\/"},"modified":"2025-07-07T12:25:02","modified_gmt":"2025-07-07T10:25:02","slug":"au-54-securite","status":"publish","type":"product","link":"https:\/\/filters.erlab.com\/en\/catalogue\/labcaire\/au-54-securite\/","title":{"rendered":"AU 54 s\u00e9curit\u00e9"},"content":{"rendered":"<p>Hotte \u00e0 filtration<\/p>","protected":false},"excerpt":{"rendered":"<p>Hotte \u00e0 filtration<\/p>","protected":false},"featured_media":9609,"template":"","meta":[],"product_brand":[],"product_cat":[463,465],"product_tag":[486],"class_list":{"0":"post-9858","1":"product","2":"type-product","3":"status-publish","4":"has-post-thumbnail","6":"product_cat-labcaire","7":"product_cat-misonix","8":"product_tag-product","10":"first","11":"instock","12":"virtual","13":"taxable","14":"purchasable","15":"product-type-bundle","16":"add-to-wishlist-before_add_to_cart"},"bundled_by":[],"bundle_stock_status":"instock","bundle_stock_quantity":"","bundle_virtual":false,"bundle_layout":"default","bundle_add_to_cart_form_location":"after_summary","bundle_editable_in_cart":false,"bundle_sold_individually_context":"product","bundle_item_grouping":"none","bundle_min_size":2,"bundle_max_size":"","bundle_price":{"price":{"min":{"incl_tax":"388.8","excl_tax":"324"},"max":{"incl_tax":"","excl_tax":""}},"regular_price":{"min":{"incl_tax":"388.8","excl_tax":"324"},"max":{"incl_tax":"","excl_tax":""}}},"bundled_items":[{"bundled_item_id":1811,"product_id":10236,"menu_order":0,"quantity_min":2,"quantity_max":"","quantity_default":2,"priced_individually":true,"shipped_individually":true,"override_title":false,"title":"Filtre NR1402 - AS","override_description":false,"description":"","optional":true,"hide_thumbnail":false,"discount":"","override_variations":false,"allowed_variations":[],"override_default_variation_attributes":false,"default_variation_attributes":[],"single_product_visibility":"visible","cart_visibility":"visible","order_visibility":"visible","single_product_price_visibility":"visible","cart_price_visibility":"visible","order_price_visibility":"visible","stock_status":"in_stock"},{"bundled_item_id":1812,"product_id":10237,"menu_order":1,"quantity_min":2,"quantity_max":"","quantity_default":2,"priced_individually":true,"shipped_individually":true,"override_title":false,"title":"Filtre NR1402 - BE","override_description":false,"description":"","optional":true,"hide_thumbnail":false,"discount":"","override_variations":false,"allowed_variations":[],"override_default_variation_attributes":false,"default_variation_attributes":[],"single_product_visibility":"visible","cart_visibility":"visible","order_visibility":"visible","single_product_price_visibility":"visible","cart_price_visibility":"visible","order_price_visibility":"visible","stock_status":"in_stock"},{"bundled_item_id":1813,"product_id":10238,"menu_order":2,"quantity_min":2,"quantity_max":"","quantity_default":2,"priced_individually":true,"shipped_individually":true,"override_title":false,"title":"Filtre NR1402 - F","override_description":false,"description":"","optional":true,"hide_thumbnail":false,"discount":"","override_variations":false,"allowed_variations":[],"override_default_variation_attributes":false,"default_variation_attributes":[],"single_product_visibility":"visible","cart_visibility":"visible","order_visibility":"visible","single_product_price_visibility":"visible","cart_price_visibility":"visible","order_price_visibility":"visible","stock_status":"in_stock"},{"bundled_item_id":1814,"product_id":10239,"menu_order":3,"quantity_min":2,"quantity_max":"","quantity_default":2,"priced_individually":true,"shipped_individually":true,"override_title":false,"title":"Filtre NR1402 - K","override_description":false,"description":"","optional":true,"hide_thumbnail":false,"discount":"","override_variations":false,"allowed_variations":[],"override_default_variation_attributes":false,"default_variation_attributes":[],"single_product_visibility":"visible","cart_visibility":"visible","order_visibility":"visible","single_product_price_visibility":"visible","cart_price_visibility":"visible","order_price_visibility":"visible","stock_status":"in_stock"}],"bundle_sell_ids":[],"_links":{"self":[{"href":"https:\/\/filters.erlab.com\/en\/wp-json\/wp\/v2\/product\/9858","targetHints":{"allow":["GET"]}}],"collection":[{"href":"https:\/\/filters.erlab.com\/en\/wp-json\/wp\/v2\/product"}],"about":[{"href":"https:\/\/filters.erlab.com\/en\/wp-json\/wp\/v2\/types\/product"}],"wp:featuredmedia":[{"embeddable":true,"href":"https:\/\/filters.erlab.com\/en\/wp-json\/wp\/v2\/media\/9609"}],"wp:attachment":[{"href":"https:\/\/filters.erlab.com\/en\/wp-json\/wp\/v2\/media?parent=9858"}],"wp:term":[{"taxonomy":"product_brand","embeddable":true,"href":"https:\/\/filters.erlab.com\/en\/wp-json\/wp\/v2\/product_brand?post=9858"},{"taxonomy":"product_cat","embeddable":true,"href":"https:\/\/filters.erlab.com\/en\/wp-json\/wp\/v2\/product_cat?post=9858"},{"taxonomy":"product_tag","embeddable":true,"href":"https:\/\/filters.erlab.com\/en\/wp-json\/wp\/v2\/product_tag?post=9858"}],"curies":[{"name":"wp","href":"https:\/\/api.w.org\/{rel}","templated":true}]}}