{"id":9669,"date":"2024-12-09T09:54:21","date_gmt":"2024-12-09T08:54:21","guid":{"rendered":"https:\/\/filters.erlab.com\/catalogue\/non%20class\u00e9\/black-activa-90-securite-60-mm\/"},"modified":"2025-07-07T12:24:49","modified_gmt":"2025-07-07T10:24:49","slug":"black-activa-90-securite-60-mm","status":"publish","type":"product","link":"https:\/\/filters.erlab.com\/en\/catalogue\/aquaria\/black-activa-90-securite-60-mm\/","title":{"rendered":"Black Activa 90 s\u00e9curit\u00e9 60 mm"},"content":{"rendered":"<p>Hotte \u00e0 filtration<\/p>","protected":false},"excerpt":{"rendered":"<p>Hotte \u00e0 filtration<\/p>","protected":false},"featured_media":9609,"template":"","meta":[],"product_brand":[],"product_cat":[450],"product_tag":[486],"class_list":{"0":"post-9669","1":"product","2":"type-product","3":"status-publish","4":"has-post-thumbnail","6":"product_cat-aquaria","7":"product_tag-product","9":"first","10":"instock","11":"virtual","12":"taxable","13":"purchasable","14":"product-type-bundle","15":"add-to-wishlist-before_add_to_cart"},"bundled_by":[],"bundle_stock_status":"instock","bundle_stock_quantity":"","bundle_virtual":false,"bundle_layout":"default","bundle_add_to_cart_form_location":"after_summary","bundle_editable_in_cart":false,"bundle_sold_individually_context":"product","bundle_item_grouping":"none","bundle_min_size":2,"bundle_max_size":"","bundle_price":{"price":{"min":{"incl_tax":"348","excl_tax":"290"},"max":{"incl_tax":"","excl_tax":""}},"regular_price":{"min":{"incl_tax":"348","excl_tax":"290"},"max":{"incl_tax":"","excl_tax":""}}},"bundled_items":[{"bundled_item_id":1114,"product_id":10244,"menu_order":0,"quantity_min":2,"quantity_max":"","quantity_default":2,"priced_individually":true,"shipped_individually":true,"override_title":false,"title":"Filtre NR1601 - AS","override_description":false,"description":"","optional":true,"hide_thumbnail":false,"discount":"","override_variations":false,"allowed_variations":[],"override_default_variation_attributes":false,"default_variation_attributes":[],"single_product_visibility":"visible","cart_visibility":"visible","order_visibility":"visible","single_product_price_visibility":"visible","cart_price_visibility":"visible","order_price_visibility":"visible","stock_status":"in_stock"},{"bundled_item_id":1115,"product_id":10245,"menu_order":1,"quantity_min":2,"quantity_max":"","quantity_default":2,"priced_individually":true,"shipped_individually":true,"override_title":false,"title":"Filtre NR1601 - BE","override_description":false,"description":"","optional":true,"hide_thumbnail":false,"discount":"","override_variations":false,"allowed_variations":[],"override_default_variation_attributes":false,"default_variation_attributes":[],"single_product_visibility":"visible","cart_visibility":"visible","order_visibility":"visible","single_product_price_visibility":"visible","cart_price_visibility":"visible","order_price_visibility":"visible","stock_status":"in_stock"},{"bundled_item_id":1116,"product_id":10246,"menu_order":2,"quantity_min":2,"quantity_max":"","quantity_default":2,"priced_individually":true,"shipped_individually":true,"override_title":false,"title":"Filtre NR1601 - F","override_description":false,"description":"","optional":true,"hide_thumbnail":false,"discount":"","override_variations":false,"allowed_variations":[],"override_default_variation_attributes":false,"default_variation_attributes":[],"single_product_visibility":"visible","cart_visibility":"visible","order_visibility":"visible","single_product_price_visibility":"visible","cart_price_visibility":"visible","order_price_visibility":"visible","stock_status":"in_stock"},{"bundled_item_id":1117,"product_id":10247,"menu_order":3,"quantity_min":2,"quantity_max":"","quantity_default":2,"priced_individually":true,"shipped_individually":true,"override_title":false,"title":"Filtre NR1601 - K","override_description":false,"description":"","optional":true,"hide_thumbnail":false,"discount":"","override_variations":false,"allowed_variations":[],"override_default_variation_attributes":false,"default_variation_attributes":[],"single_product_visibility":"visible","cart_visibility":"visible","order_visibility":"visible","single_product_price_visibility":"visible","cart_price_visibility":"visible","order_price_visibility":"visible","stock_status":"in_stock"}],"bundle_sell_ids":[],"_links":{"self":[{"href":"https:\/\/filters.erlab.com\/en\/wp-json\/wp\/v2\/product\/9669","targetHints":{"allow":["GET"]}}],"collection":[{"href":"https:\/\/filters.erlab.com\/en\/wp-json\/wp\/v2\/product"}],"about":[{"href":"https:\/\/filters.erlab.com\/en\/wp-json\/wp\/v2\/types\/product"}],"wp:featuredmedia":[{"embeddable":true,"href":"https:\/\/filters.erlab.com\/en\/wp-json\/wp\/v2\/media\/9609"}],"wp:attachment":[{"href":"https:\/\/filters.erlab.com\/en\/wp-json\/wp\/v2\/media?parent=9669"}],"wp:term":[{"taxonomy":"product_brand","embeddable":true,"href":"https:\/\/filters.erlab.com\/en\/wp-json\/wp\/v2\/product_brand?post=9669"},{"taxonomy":"product_cat","embeddable":true,"href":"https:\/\/filters.erlab.com\/en\/wp-json\/wp\/v2\/product_cat?post=9669"},{"taxonomy":"product_tag","embeddable":true,"href":"https:\/\/filters.erlab.com\/en\/wp-json\/wp\/v2\/product_tag?post=9669"}],"curies":[{"name":"wp","href":"https:\/\/api.w.org\/{rel}","templated":true}]}}