{"id":10127,"date":"2024-12-09T09:56:51","date_gmt":"2024-12-09T08:56:51","guid":{"rendered":"https:\/\/filters.erlab.com\/catalogue\/non class\u00e9\/filtre-gf4-u16\/"},"modified":"2026-02-03T17:35:42","modified_gmt":"2026-02-03T16:35:42","slug":"filtre-gf4-u16","status":"publish","type":"product","link":"https:\/\/filters.erlab.com\/en\/catalogue\/erlab\/filtres\/filtre-gf4-u16\/","title":{"rendered":"GF4 &#8211; U16"},"content":{"rendered":"<h2 class=\"vc_custom_heading\" style=\"text-align: center;\"><span style=\"color: #0bbbef;\">La technologie de filtration particulaire<\/span><\/h2>\n<p>&nbsp;<\/p>\n<div class=\"wpb_text_column wpb_content_element\">\n<div class=\"wpb_wrapper\">\n<p class=\"p1\">La filtration particulaire se concentre sur les polluants sous forme de particules tels que les poussi\u00e8res, allerg\u00e8nes, virus, bact\u00e9ries que l\u2019on peut retrouver, par exemple, dans les a\u00e9rosols ou les fum\u00e9es. Cette filtration s\u2019effectue avec des filtres \u00e0 haute efficacit\u00e9 (HEPA\/ULPA). Les filtres particulaires ont 4 modes de fonctionnements diff\u00e9rents, qui d\u00e9pendent notamment de la taille des particules \u00e0 filtrer.<\/p>\n<\/div>\n<\/div>","protected":false},"excerpt":{"rendered":"<p class=\"translation-block\">Particulate filter <br> \nFor particles<\/p>","protected":false},"featured_media":10126,"template":"","meta":[],"product_brand":[],"product_cat":[475],"product_tag":[292,189,188,130],"class_list":{"0":"post-10127","1":"product","2":"type-product","3":"status-publish","4":"has-post-thumbnail","6":"product_cat-filtres","7":"product_tag-gf4","8":"product_tag-gf4-u16","9":"product_tag-gf4u16","10":"product_tag-u16","11":"product_shipping_class-f1_f2_hp","13":"first","14":"instock","15":"taxable","16":"shipping-taxable","17":"purchasable","18":"product-type-simple","19":"add-to-wishlist-before_add_to_cart"},"bundled_by":["10089","10087","10030","10029","10028","10083","10085","10079","10081","10027","10026","10025","10024","10047","10045","10053","10049","10051","10057","10055","9990","9989","9988","9987","9985","9984","9983","9982","9981","9986","9980","9978","9977","9976","9975","9974","9979","10529","10527","10525","10523"],"bundle_stock_status":"instock","bundle_stock_quantity":null,"bundle_virtual":false,"bundle_layout":"","bundle_add_to_cart_form_location":"","bundle_editable_in_cart":false,"bundle_sold_individually_context":"","bundle_item_grouping":"","bundle_min_size":"","bundle_max_size":"","bundle_price":[],"bundled_items":[],"bundle_sell_ids":[],"_links":{"self":[{"href":"https:\/\/filters.erlab.com\/en\/wp-json\/wp\/v2\/product\/10127","targetHints":{"allow":["GET"]}}],"collection":[{"href":"https:\/\/filters.erlab.com\/en\/wp-json\/wp\/v2\/product"}],"about":[{"href":"https:\/\/filters.erlab.com\/en\/wp-json\/wp\/v2\/types\/product"}],"wp:featuredmedia":[{"embeddable":true,"href":"https:\/\/filters.erlab.com\/en\/wp-json\/wp\/v2\/media\/10126"}],"wp:attachment":[{"href":"https:\/\/filters.erlab.com\/en\/wp-json\/wp\/v2\/media?parent=10127"}],"wp:term":[{"taxonomy":"product_brand","embeddable":true,"href":"https:\/\/filters.erlab.com\/en\/wp-json\/wp\/v2\/product_brand?post=10127"},{"taxonomy":"product_cat","embeddable":true,"href":"https:\/\/filters.erlab.com\/en\/wp-json\/wp\/v2\/product_cat?post=10127"},{"taxonomy":"product_tag","embeddable":true,"href":"https:\/\/filters.erlab.com\/en\/wp-json\/wp\/v2\/product_tag?post=10127"}],"curies":[{"name":"wp","href":"https:\/\/api.w.org\/{rel}","templated":true}]}}