{"id":4330,"date":"2023-04-12T15:59:05","date_gmt":"2023-04-12T13:59:05","guid":{"rendered":"https:\/\/filters.erlab.com\/?page_id=4330"},"modified":"2023-04-19T10:41:23","modified_gmt":"2023-04-19T08:41:23","slug":"recommandations-de-stockage","status":"publish","type":"page","link":"https:\/\/filters.erlab.com\/en\/ressources\/guides\/recommandations-de-stockage\/","title":{"rendered":"Recommandations de Stockage"},"content":{"rendered":"<div data-elementor-type=\"wp-page\" data-elementor-id=\"4330\" class=\"elementor elementor-4330\" data-elementor-post-type=\"page\">\n\t\t\t\t\t\t<section class=\"elementor-section elementor-top-section elementor-element elementor-element-5a5df2c elementor-section-height-min-height elementor-section-boxed elementor-section-height-default elementor-section-items-middle\" data-id=\"5a5df2c\" data-element_type=\"section\" data-settings=\"{&quot;background_background&quot;:&quot;classic&quot;,&quot;background_motion_fx_motion_fx_scrolling&quot;:&quot;yes&quot;,&quot;background_motion_fx_translateY_effect&quot;:&quot;yes&quot;,&quot;background_motion_fx_translateY_affectedRange&quot;:{&quot;unit&quot;:&quot;%&quot;,&quot;size&quot;:&quot;&quot;,&quot;sizes&quot;:{&quot;start&quot;:0,&quot;end&quot;:50}},&quot;background_motion_fx_range&quot;:&quot;page&quot;,&quot;background_motion_fx_translateY_speed&quot;:{&quot;unit&quot;:&quot;px&quot;,&quot;size&quot;:4,&quot;sizes&quot;:[]},&quot;background_motion_fx_devices&quot;:[&quot;desktop&quot;,&quot;tablet&quot;,&quot;mobile&quot;]}\">\n\t\t\t\t\t\t\t<div class=\"elementor-background-overlay\"><\/div>\n\t\t\t\t\t\t\t<div class=\"elementor-container elementor-column-gap-default\">\n\t\t\t\t\t<div class=\"elementor-column elementor-col-100 elementor-top-column elementor-element elementor-element-ce8509b\" data-id=\"ce8509b\" data-element_type=\"column\">\n\t\t\t<div class=\"elementor-widget-wrap elementor-element-populated\">\n\t\t\t\t\t\t<div class=\"elementor-element elementor-element-957ab40 elementor-widget elementor-widget-heading\" data-id=\"957ab40\" data-element_type=\"widget\" data-widget_type=\"heading.default\">\n\t\t\t\t<div class=\"elementor-widget-container\">\n\t\t\t\t\t<h1 class=\"elementor-heading-title elementor-size-default\">Storage Recommendations<\/h1>\t\t\t\t<\/div>\n\t\t\t\t<\/div>\n\t\t\t\t\t<\/div>\n\t\t<\/div>\n\t\t\t\t\t<\/div>\n\t\t<\/section>\n\t\t\t\t<section class=\"elementor-section elementor-top-section elementor-element elementor-element-e26b01f elementor-section-boxed elementor-section-height-default elementor-section-height-default\" data-id=\"e26b01f\" data-element_type=\"section\">\n\t\t\t\t\t\t<div class=\"elementor-container elementor-column-gap-default\">\n\t\t\t\t\t<div class=\"elementor-column elementor-col-100 elementor-top-column elementor-element elementor-element-ec47235\" data-id=\"ec47235\" data-element_type=\"column\">\n\t\t\t<div class=\"elementor-widget-wrap elementor-element-populated\">\n\t\t\t\t\t\t<div class=\"elementor-element elementor-element-636656d elementor-widget elementor-widget-woocommerce-breadcrumb\" data-id=\"636656d\" data-element_type=\"widget\" data-widget_type=\"woocommerce-breadcrumb.default\">\n\t\t\t\t<div class=\"elementor-widget-container\">\n\t\t\t\t\t<nav class=\"woocommerce-breadcrumb\" aria-label=\"Breadcrumb\" data-no-translation=\"\" data-trp-gettext=\"\">Accueil<\/nav>\t\t\t\t<\/div>\n\t\t\t\t<\/div>\n\t\t\t\t\t<\/div>\n\t\t<\/div>\n\t\t\t\t\t<\/div>\n\t\t<\/section>\n\t\t\t\t<section class=\"elementor-section elementor-top-section elementor-element elementor-element-a8b7fa1 elementor-section-boxed elementor-section-height-default elementor-section-height-default\" data-id=\"a8b7fa1\" data-element_type=\"section\">\n\t\t\t\t\t\t<div class=\"elementor-container elementor-column-gap-default\">\n\t\t\t\t\t<div class=\"elementor-column elementor-col-100 elementor-top-column elementor-element elementor-element-113738a\" data-id=\"113738a\" data-element_type=\"column\">\n\t\t\t<div class=\"elementor-widget-wrap elementor-element-populated\">\n\t\t\t\t\t\t<div class=\"elementor-element elementor-element-4e6227a elementor-widget elementor-widget-text-editor\" data-id=\"4e6227a\" data-element_type=\"widget\" data-widget_type=\"text-editor.default\">\n\t\t\t\t<div class=\"elementor-widget-container\">\n\t\t\t\t\t\t\t\t\t<p>New carbon filters must be stored flat in their original packaging, at a temperature between +10\u00b0C and +50\u00b0C, and humidity &lt;85% RH.<br \/>HEPA H14 and ULPA U16 particulate filters must be stored upright in their original packaging in a dry environment.<\/p>\t\t\t\t\t\t\t\t<\/div>\n\t\t\t\t<\/div>\n\t\t\t\t<div class=\"elementor-element elementor-element-f1282a2 elementor-widget elementor-widget-heading\" data-id=\"f1282a2\" data-element_type=\"widget\" data-widget_type=\"heading.default\">\n\t\t\t\t<div class=\"elementor-widget-container\">\n\t\t\t\t\t<h2 class=\"elementor-heading-title elementor-size-default\"><span style=\"font-weight: bolder;font-size: 16px;white-space: normal\">Under these conditions, the maximum storage time of a filter depends on its type:<\/span><\/h2>\t\t\t\t<\/div>\n\t\t\t\t<\/div>\n\t\t\t\t<div class=\"elementor-element elementor-element-3be1f21 elementor-widget elementor-widget-html\" data-id=\"3be1f21\" data-element_type=\"widget\" data-widget_type=\"html.default\">\n\t\t\t\t<div class=\"elementor-widget-container\">\n\t\t\t\t\t<table>\r\n\t<thead>\r\n\t    <tr>\r\n    \t\t<th>\r\n    \t\t\tDevice type\r\n    \t\t<\/th>\r\n    \t\t<th>\r\n    \t\t\tFilter type\r\n    \t\t<\/th>\r\n    \t\t<th>\r\n    \t\t\tStorage time before use in original packaging\r\n    \t\t<\/th>\r\n    \t<\/tr>\r\n\t<\/thead>\r\n\t<tbody>\r\n\t\t<!-- Hottes Chimiques - Biologiques - Empoussi\u00e8rement contr\u00f4l\u00e9 -->\r\n\t\t<tr>\r\n\t\t\t<td rowspan=\"4\" align=\"center\">\r\n\t\t\t\tChemical - Biological - Controlled containment hoods\r\n\t\t\t<\/td>\r\n\t\t\t<td>\r\n\t\t\t\tAS, BE, BE+\r\n\t\t\t<\/td>\r\n\t\t\t<td>\r\n\t\t\t\t12 Month*\r\n\t\t\t<\/td>\r\n\t\t<\/tr>\r\n\t\t<tr>\r\n\t\t\t<td>\r\n\t\t\t\tK, F\r\n\t\t\t<\/td>\r\n\t\t\t<td>\r\n\t\t\t\tNot recommended\r\n\t\t\t<\/td>\r\n\t\t<\/tr>\r\n\t\t<tr>\r\n\t\t\t<td>\r\n\t\t\t\tHEPA\/ULPA\r\n\t\t\t<\/td>\r\n\t\t\t<td>\r\n\t\t\t\t12 Month*\r\n\t\t\t<\/td>\r\n\t\t<\/tr>\r\n\t\t<tr>\r\n\t\t\t<td>\r\n\t\t\t\tParticulate pre-filter\r\n\t\t\t<\/td>\r\n\t\t\t<td>\r\n\t\t\t\t12 Month*\r\n\t\t\t<\/td>\r\n\t\t<\/tr>\r\n\t\t<!-- Armoires -->\r\n\t\t<tr>\r\n\t\t\t<td rowspan=\"4\" align=\"center\">\r\n\t\t\t\tCabinets\r\n\t\t\t<\/td>\r\n\t\t\t<td>\r\n\t\t\t\tAS, BE, BE+\r\n\t\t\t<\/td>\r\n\t\t\t<td>\r\n\t\t\t\t12 Month*\r\n\t\t\t<\/td>\r\n\t\t<\/tr>\r\n\t\t<tr>\r\n\t\t\t<td>\r\n\t\t\t\tK, F\r\n\t\t\t<\/td>\r\n\t\t\t<td>\r\n\t\t\t\tNot recommended\r\n\t\t\t<\/td>\r\n\t\t<\/tr>\r\n\t\t<tr>\r\n\t\t\t<td>\r\n\t\t\t\tHEPA\/ULPA\r\n\t\t\t<\/td>\r\n\t\t\t<td>\r\n\t\t\t\t12 Month*\r\n\t\t\t<\/td>\r\n\t\t<\/tr>\r\n\t\t<tr>\r\n\t\t\t<td>\r\n\t\t\t\tParticulate pre-filter\r\n\t\t\t<\/td>\r\n\t\t\t<td>\r\n\t\t\t\t12 Month*\r\n\t\t\t<\/td>\r\n\t\t<\/tr>\r\n\t\t<!-- GFH -->\r\n\t\t<tr>\r\n\t\t\t<td rowspan=\"5\" align=\"center\">\r\n\t\t\t\tGFH\r\n\t\t\t<\/td>\r\n\t\t\t<td>\r\n\t\t\t\tNeutrodine\u00ae \r\n\t\t\t<\/td>\r\n\t\t\t<td>\r\n\t\t\t\t12 Month*\r\n\t\t\t<\/td>\r\n\t\t<\/tr>\r\n\t\t<tr>\r\n\t\t\t<td>\r\n\t\t\t\tNeutrodine\u00ae Unisorb\r\n\t\t\t<\/td>\r\n\t\t\t<td>\r\n\t\t\t\t12 Month*\r\n\t\t\t<\/td>\r\n\t\t<\/tr>\r\n\t\t<tr>\r\n\t\t\t<td>\r\n\t\t\t\tAcid pre-filter\r\n\t\t\t<\/td>\r\n\t\t\t<td>\r\n\t\t\t\t12 Month*\r\n\t\t\t<\/td>\r\n\t\t<\/tr>\r\n\t\t<tr>\r\n\t\t\t<td>\r\n\t\t\t\tAmmonia pre-filter\r\n\t\t\t<\/td>\r\n\t\t\t<td>\r\n\t\t\t\tNot recommended\r\n\t\t\t<\/td>\r\n\t\t<\/tr>\r\n\t\t<tr>\r\n\t\t\t<td>\r\n\t\t\t\tHEPA\r\n\t\t\t<\/td>\r\n\t\t\t<td>\r\n\t\t\t\t12 Month*\r\n\t\t\t<\/td>\r\n\t\t<\/tr>\r\n\t\t<!-- HALO 35 -->\r\n\t\t<tr>\r\n\t\t\t<td rowspan=\"5\" align=\"center\">\r\n\t\t\t\tHalo 35\r\n\t\t\t<\/td>\r\n\t\t\t<td>\r\n\t\t\t\tVOC, Chemplus\r\n\t\t\t<\/td>\r\n\t\t\t<td>\r\n\t\t\t\t12 Month*\r\n\t\t\t<\/td>\r\n\t\t<\/tr>\r\n\t\t<tr>\r\n\t\t\t<td>\r\n\t\t\t\tFormaldehyde\r\n\t\t\t<\/td>\r\n\t\t\t<td>\r\n\t\t\t\tNot recommended\r\n\t\t\t<\/td>\r\n\t\t<\/tr>\r\n\t\t<tr>\r\n\t\t\t<td>\r\n\t\t\t\tPost-filter\r\n\t\t\t<\/td>\r\n\t\t\t<td>\r\n\t\t\t\t12 Month*\r\n\t\t\t<\/td>\r\n\t\t<\/tr>\r\n\t\t<tr>\r\n\t\t\t<td>\r\n\t\t\t\tParticulate pre-filter\r\n\t\t\t<\/td>\r\n\t\t\t<td>\r\n\t\t\t\t12 Month*\r\n\t\t\t<\/td>\r\n\t\t<\/tr>\r\n\t\t<tr>\r\n\t\t\t<td>\r\n\t\t\t\tHEPA\/ULPA\r\n\t\t\t<\/td>\r\n\t\t\t<td>\r\n\t\t\t\t12 Month*\r\n\t\t\t<\/td>\r\n\t\t<\/tr>\r\n\t\t<!-- HALO 25 -->\r\n\t\t<tr>\r\n\t\t\t<td rowspan=\"5\" align=\"center\">\r\n\t\t\t\tHalo 25\r\n\t\t\t<\/td>\r\n\t\t\t<td>\r\n\t\t\t\tVOC, Chemplus\r\n\t\t\t<\/td>\r\n\t\t\t<td>\r\n\t\t\t\t12 Month*\r\n\t\t\t<\/td>\r\n\t\t<\/tr>\r\n\t\t<tr>\r\n\t\t\t<td>\r\n\t\t\t\tFormaldehyde\r\n\t\t\t<\/td>\r\n\t\t\t<td>\r\n\t\t\t\tNot recommended\r\n\t\t\t<\/td>\r\n\t\t<\/tr>\r\n\t\t<tr>\r\n\t\t\t<td>\r\n\t\t\t\tPost-filter\r\n\t\t\t<\/td>\r\n\t\t\t<td>\r\n\t\t\t\t12 Month*\r\n\t\t\t<\/td>\r\n\t\t<\/tr>\r\n\t\t<tr>\r\n\t\t\t<td>\r\n\t\t\t\tParticulate pre-filter\r\n\t\t\t<\/td>\r\n\t\t\t<td>\r\n\t\t\t\t12 Month*\r\n\t\t\t<\/td>\r\n\t\t<\/tr>\r\n\t\t<tr>\r\n\t\t\t<td>\r\n\t\t\t\tHEPA\/ULPA\r\n\t\t\t<\/td>\r\n\t\t\t<td>\r\n\t\t\t\t12 Month*\r\n\t\t\t<\/td>\r\n\t\t<\/tr>\r\n\t\t<!-- CHEMTRAP -->\r\n\t\t<tr>\r\n\t\t\t<td rowspan=\"3\" align=\"center\">\r\n\t\t\t\tChemtrap\r\n\t\t\t<\/td>\r\n\t\t\t<td>\r\n\t\t\t\tAS, BE, BE+\r\n\t\t\t<\/td>\r\n\t\t\t<td>\r\n\t\t\t\t12 Month*\r\n\t\t\t<\/td>\r\n\t\t<\/tr>\r\n\t\t<tr>\r\n\t\t\t<td>\r\n\t\t\t\tK, F\r\n\t\t\t<\/td>\r\n\t\t\t<td>\r\n\t\t\t\tNot recommended\r\n\t\t\t<\/td>\r\n\t\t<\/tr>\r\n\t\t<tr>\r\n\t\t\t<td>\r\n\t\t\t\tHEPA\r\n\t\t\t<\/td>\r\n\t\t\t<td>\r\n\t\t\t\t12 Month*\r\n\t\t\t<\/td>\r\n\t\t<\/tr>\r\n\t<\/tbody>\r\n<\/table>\r\n<p>*A more precise date is indicated on the label affixed to the box of the relevant filter.<\/p>\t\t\t\t<\/div>\n\t\t\t\t<\/div>\n\t\t\t\t<div class=\"elementor-element elementor-element-abb44a7 elementor-widget elementor-widget-heading\" data-id=\"abb44a7\" data-element_type=\"widget\" data-widget_type=\"heading.default\">\n\t\t\t\t<div class=\"elementor-widget-container\">\n\t\t\t\t\t<h2 class=\"elementor-heading-title elementor-size-default\">New filters that exceed the recommended storage time must not be installed.<\/h2>\t\t\t\t<\/div>\n\t\t\t\t<\/div>\n\t\t\t\t<div class=\"elementor-element elementor-element-3a6edbb elementor-widget elementor-widget-heading\" data-id=\"3a6edbb\" data-element_type=\"widget\" data-widget_type=\"heading.default\">\n\t\t\t\t<div class=\"elementor-widget-container\">\n\t\t\t\t\t<h2 class=\"elementor-heading-title elementor-size-default\">Consumables for all device types (except Halo 25)<\/h2>\t\t\t\t<\/div>\n\t\t\t\t<\/div>\n\t\t\t\t<div class=\"elementor-element elementor-element-9b5067c elementor-widget elementor-widget-html\" data-id=\"9b5067c\" data-element_type=\"widget\" data-widget_type=\"html.default\">\n\t\t\t\t<div class=\"elementor-widget-container\">\n\t\t\t\t\t<table>\r\n\t<thead>\r\n\t\t<tr>\r\n\t\t\t<td>\r\n\t\t\t\tOther consumables\r\n\t\t\t<\/td>\r\n\t\t\t<td>\r\n\t\t\t\tService life\r\n\t\t\t<\/td>\r\n\t\t<\/tr>\r\n\t<\/thead>\r\n\t<tbody>\r\n\t\t<tr>\r\n\t\t\t<td>\r\n\t\t\t\tMol\u00e9code\u00ae A\r\n\t\t\t<\/td>\r\n\t\t\t<td>\r\n\t\t\t\t2 years*\r\n\t\t\t<\/td>\r\n\t\t<\/tr>\r\n\t\t<tr>\r\n\t\t\t<td>\r\n\t\t\t\tMol\u00e9code\u00ae F\r\n\t\t\t<\/td>\r\n\t\t\t<td>\r\n\t\t\t\t2 years*\r\n\t\t\t<\/td>\r\n\t\t<\/tr>\r\n\t\t<tr>\r\n\t\t\t<td>\r\n\t\t\t\tMol\u00e9code\u00ae S\r\n\t\t\t<\/td>\r\n\t\t\t<td>\r\n\t\t\t\t5 years*\r\n\t\t\t<\/td>\r\n\t\t<\/tr>\r\n\t\t<tr>\r\n\t\t\t<td>\r\n\t\t\t\tUV lamp\r\n\t\t\t<\/td>\r\n\t\t\t<td>\r\n\t\t\t\tReplace after 8000 h (at 5000 h it will have lost 15%)\r\n\t\t\t<\/td>\r\n\t\t<\/tr>\r\n\t<\/tbody>\r\n<\/table>\r\n<p class=\"translation-block\">* For the <strong>Halo C 35 device from software version V2.2.1-E onwards<\/strong>: Mol\u00e9code A and F: 3 years, and Mol\u00e9code S: 6 years.<\/p>\t\t\t\t<\/div>\n\t\t\t\t<\/div>\n\t\t\t\t<div class=\"elementor-element elementor-element-7fea565 elementor-widget elementor-widget-heading\" data-id=\"7fea565\" data-element_type=\"widget\" data-widget_type=\"heading.default\">\n\t\t\t\t<div class=\"elementor-widget-container\">\n\t\t\t\t\t<h2 class=\"elementor-heading-title elementor-size-default\">Consumables for the Halo 25<\/h2>\t\t\t\t<\/div>\n\t\t\t\t<\/div>\n\t\t\t\t<div class=\"elementor-element elementor-element-95898d0 elementor-widget elementor-widget-html\" data-id=\"95898d0\" data-element_type=\"widget\" data-widget_type=\"html.default\">\n\t\t\t\t<div class=\"elementor-widget-container\">\n\t\t\t\t\t<table>\r\n\t<thead>\r\n\t\t<tr>\r\n\t\t\t<td>\r\n\t\t\t\tOther consumables\r\n\t\t\t<\/td>\r\n\t\t\t<td>\r\n\t\t\t\tService life\r\n\t\t\t<\/td>\r\n\t\t<\/tr>\r\n\t<\/thead>\r\n\t<tbody>\r\n\t\t<tr>\r\n\t\t\t<td>\r\n\t\t\t\tMol\u00e9code\u00ae A\r\n\t\t\t<\/td>\r\n\t\t\t<td>\r\n\t\t\t\t3 years\r\n\t\t\t<\/td>\r\n\t\t<\/tr>\r\n\t\t<tr>\r\n\t\t\t<td>\r\n\t\t\t\tMol\u00e9code\u00ae F\r\n\t\t\t<\/td>\r\n\t\t\t<td>\r\n\t\t\t\t6 years\r\n\t\t\t<\/td>\r\n\t\t<\/tr>\r\n\t\t<tr>\r\n\t\t\t<td>\r\n\t\t\t\tMol\u00e9code\u00ae S\r\n\t\t\t<\/td>\r\n\t\t\t<td>\r\n\t\t\t\t6 years\r\n\t\t\t<\/td>\r\n\t\t<\/tr>\r\n\t\t<tr>\r\n\t\t\t<td>\r\n\t\t\t\tParticle sensor\r\n\t\t\t<\/td>\r\n\t\t\t<td>\r\n\t\t\t\t6 years\r\n\t\t\t<\/td>\r\n\t\t<\/tr>\r\n\t\t<tr>\r\n\t\t\t<td>\r\n\t\t\t\tT\/RH sensor\r\n\t\t\t<\/td>\r\n\t\t\t<td>\r\n\t\t\t\t6 years\r\n\t\t\t<\/td>\r\n\t\t<\/tr>\r\n\t\t<tr>\r\n\t\t\t<td>\r\n\t\t\t\tUV lamp\r\n\t\t\t<\/td>\r\n\t\t\t<td>\r\n\t\t\t\tReplace after 9000 h\r\n\t\t\t<\/td>\r\n\t\t<\/tr>\r\n\t<\/tbody>\r\n<\/table>\r\n<p class=\"translation-block\">* For the <strong>Halo C 35 device from software version V2.2.1-E onwards<\/strong>: Mol\u00e9code A and F: 3 years, and Mol\u00e9code S: 6 years.<\/p>\t\t\t\t<\/div>\n\t\t\t\t<\/div>\n\t\t\t\t<div class=\"elementor-element elementor-element-2c6c3f9 elementor-widget elementor-widget-heading\" data-id=\"2c6c3f9\" data-element_type=\"widget\" data-widget_type=\"heading.default\">\n\t\t\t\t<div class=\"elementor-widget-container\">\n\t\t\t\t\t<h2 class=\"elementor-heading-title elementor-size-default\">Beyond this period, ERLAB cannot guarantee the performance stability of Mol\u00e9code\u00ae detectors or the maintenance of their detection sensitivity.<\/h2>\t\t\t\t<\/div>\n\t\t\t\t<\/div>\n\t\t\t\t\t<\/div>\n\t\t<\/div>\n\t\t\t\t\t<\/div>\n\t\t<\/section>\n\t\t\t\t<\/div>","protected":false},"excerpt":{"rendered":"<p>Recommandations de stockage Les filtres carbones neufs doivent \u00eatre stock\u00e9s dans leur emballage d\u2019origine, \u00e0 plat, \u00e0 une temp\u00e9rature comprise entre +10\u00b0C \u00e0 +50\u00b0C et une humidit\u00e9 &lt;85% HR.Les filtres particulaires HEPA H14 et ULPA U16 doivent \u00eatre stock\u00e9s dans leur emballage d\u2019origine debout dans un environnement sec Dans le respect de ces conditions, la [&hellip;]<\/p>","protected":false},"author":1,"featured_media":0,"parent":1516,"menu_order":0,"comment_status":"closed","ping_status":"closed","template":"","meta":{"footnotes":""},"class_list":["post-4330","page","type-page","status-publish","hentry"],"_links":{"self":[{"href":"https:\/\/filters.erlab.com\/en\/wp-json\/wp\/v2\/pages\/4330","targetHints":{"allow":["GET"]}}],"collection":[{"href":"https:\/\/filters.erlab.com\/en\/wp-json\/wp\/v2\/pages"}],"about":[{"href":"https:\/\/filters.erlab.com\/en\/wp-json\/wp\/v2\/types\/page"}],"author":[{"embeddable":true,"href":"https:\/\/filters.erlab.com\/en\/wp-json\/wp\/v2\/users\/1"}],"replies":[{"embeddable":true,"href":"https:\/\/filters.erlab.com\/en\/wp-json\/wp\/v2\/comments?post=4330"}],"version-history":[{"count":0,"href":"https:\/\/filters.erlab.com\/en\/wp-json\/wp\/v2\/pages\/4330\/revisions"}],"up":[{"embeddable":true,"href":"https:\/\/filters.erlab.com\/en\/wp-json\/wp\/v2\/pages\/1516"}],"wp:attachment":[{"href":"https:\/\/filters.erlab.com\/en\/wp-json\/wp\/v2\/media?parent=4330"}],"curies":[{"name":"wp","href":"https:\/\/api.w.org\/{rel}","templated":true}]}}