{"id":3237,"date":"2022-12-01T09:13:29","date_gmt":"2022-12-01T08:13:29","guid":{"rendered":"https:\/\/filters.erlab.com\/?page_id=3237"},"modified":"2025-09-29T09:24:32","modified_gmt":"2025-09-29T07:24:32","slug":"purificateur-dair-connecte","status":"publish","type":"page","link":"https:\/\/filters.erlab.com\/en\/produits-erlab\/purificateur-dair-connecte\/","title":{"rendered":"Purificateur d&rsquo;air connect\u00e9"},"content":{"rendered":"<div data-elementor-type=\"wp-page\" data-elementor-id=\"3237\" class=\"elementor elementor-3237\" data-elementor-post-type=\"page\">\n\t\t\t\t\t\t<section class=\"elementor-section elementor-top-section elementor-element elementor-element-40a38027 elementor-section-boxed elementor-section-height-default elementor-section-height-default\" data-id=\"40a38027\" data-element_type=\"section\" id=\"new\">\n\t\t\t\t\t\t<div class=\"elementor-container elementor-column-gap-default\">\n\t\t\t\t\t<div class=\"elementor-column elementor-col-100 elementor-top-column elementor-element elementor-element-4d467632\" data-id=\"4d467632\" data-element_type=\"column\">\n\t\t\t<div class=\"elementor-widget-wrap elementor-element-populated\">\n\t\t\t\t\t\t<div class=\"elementor-element elementor-element-4f8c5a95 elementor-widget elementor-widget-heading\" data-id=\"4f8c5a95\" data-element_type=\"widget\" data-widget_type=\"heading.default\">\n\t\t\t\t<div class=\"elementor-widget-container\">\n\t\t\t\t\t<h1 class=\"elementor-heading-title elementor-size-default\">Filters for Connected Air Purifier<\/h1>\t\t\t\t<\/div>\n\t\t\t\t<\/div>\n\t\t\t\t<div class=\"elementor-element elementor-element-4856b733 elementor-widget elementor-widget-text-editor\" data-id=\"4856b733\" data-element_type=\"widget\" data-widget_type=\"text-editor.default\">\n\t\t\t\t<div class=\"elementor-widget-container\">\n\t\t\t\t\t\t\t\t\t<p class=\"translation-block\">Filters for Erlab air purifiers play a crucial role in eliminating pollutants present in the laboratory\u2019s ambient air.<\/p><p>Thanks to their high capture efficiency, they effectively retain chemical and particulate contaminants, ensuring optimal air quality at all times. Designed for autonomous purification systems, these filters help maintain a healthy environment without excessive air renewal, thereby reducing energy costs.<\/p>\t\t\t\t\t\t\t\t<\/div>\n\t\t\t\t<\/div>\n\t\t\t\t<div class=\"elementor-element elementor-element-2421e6a1 elementor-product-loop-item--align-center elementor-grid-4 elementor-grid-tablet-3 elementor-grid-mobile-2 elementor-products-grid elementor-wc-products elementor-show-pagination-border-yes elementor-widget elementor-widget-woocommerce-products\" data-id=\"2421e6a1\" data-element_type=\"widget\" data-widget_type=\"woocommerce-products.default\">\n\t\t\t\t<div class=\"elementor-widget-container\">\n\t\t\t\t\t<div class=\"woocommerce columns-4\"><div class=\"woocommerce-notices-wrapper\"><\/div><ul class=\"products elementor-grid columns-4\">\n<li class=\"add-to-wishlist-before_add_to_cart product type-product post-10073 status-publish first instock product_cat-purificateurs-dair product_tag-new product_tag-product has-post-thumbnail virtual taxable purchasable product-type-bundle\">\n\t<a href=\"https:\/\/filters.erlab.com\/en\/catalogue\/erlab\/purificateurs-dair\/halo-25\/\" class=\"woocommerce-LoopProduct-link woocommerce-loop-product__link\"><img fetchpriority=\"high\" decoding=\"async\" width=\"300\" height=\"300\" src=\"https:\/\/filters.erlab.com\/wp-content\/uploads\/halo-25-300x300.png\" class=\"attachment-woocommerce_thumbnail size-woocommerce_thumbnail\" alt=\"Purificateur d&#039;air connect\u00e9\" srcset=\"https:\/\/filters.erlab.com\/wp-content\/uploads\/halo-25-300x300.png 300w, https:\/\/filters.erlab.com\/wp-content\/uploads\/halo-25-100x100.png 100w\" sizes=\"(max-width: 300px) 100vw, 300px\" \/><h2 class=\"woocommerce-loop-product__title\">HALO 25<\/h2>\n\t<span class=\"price\"><span class=\"from\">From: <\/span><span class=\"woocommerce-Price-amount amount\"><bdi>14,00&nbsp;<span class=\"woocommerce-Price-currencySymbol\">&euro;<\/span><\/bdi><\/span><\/span>\n<\/a>\n<div\n\tclass=\"yith-wcwl-add-to-wishlist add-to-wishlist-10073 yith-wcwl-add-to-wishlist--button_default-style wishlist-fragment on-first-load\"\n\tdata-fragment-ref=\"10073\"\n\tdata-fragment-options=\"{&quot;base_url&quot;:&quot;&quot;,&quot;product_id&quot;:10073,&quot;parent_product_id&quot;:0,&quot;product_type&quot;:&quot;bundle&quot;,&quot;is_single&quot;:false,&quot;in_default_wishlist&quot;:false,&quot;show_view&quot;:false,&quot;browse_wishlist_text&quot;:&quot;&quot;,&quot;already_in_wishslist_text&quot;:&quot;&quot;,&quot;product_added_text&quot;:&quot;Produit ajout\\u00e9 \\u00e0 la liste de souhaits&quot;,&quot;available_multi_wishlist&quot;:false,&quot;disable_wishlist&quot;:false,&quot;show_count&quot;:false,&quot;ajax_loading&quot;:false,&quot;loop_position&quot;:&quot;before_add_to_cart&quot;,&quot;item&quot;:&quot;add_to_wishlist&quot;}\"\n>\n\t<\/div>\n<div class=\"woocommerce-loop-product__buttons\"><a href=\"https:\/\/filters.erlab.com\/en\/catalogue\/erlab\/purificateurs-dair\/halo-25\/\" aria-describedby=\"woocommerce_loop_add_to_cart_link_describedby_10073\" data-quantity=\"1\" class=\"button product_type_bundle product_type_bundle_input_required add_to_cart_button\" data-product_id=\"10073\" data-product_sku=\"\" aria-label=\"Find out more about \u201cHALO 25\u201d\" rel=\"nofollow\" data-no-translation=\"\" data-trp-gettext=\"\" data-no-translation-aria-label=\"\">Select options<\/a><\/div>\t<span id=\"woocommerce_loop_add_to_cart_link_describedby_10073\" class=\"screen-reader-text\">\n\t\t\t<\/span>\n<\/li>\n<li class=\"add-to-wishlist-before_add_to_cart product type-product post-10076 status-publish instock product_cat-purificateurs-dair product_tag-new product_tag-product has-post-thumbnail virtual taxable purchasable product-type-bundle\">\n\t<a href=\"https:\/\/filters.erlab.com\/en\/catalogue\/erlab\/purificateurs-dair\/halo-35-c\/\" class=\"woocommerce-LoopProduct-link woocommerce-loop-product__link\"><img decoding=\"async\" width=\"300\" height=\"300\" src=\"https:\/\/filters.erlab.com\/wp-content\/uploads\/halo-35-300x300.png\" class=\"attachment-woocommerce_thumbnail size-woocommerce_thumbnail\" alt=\"Purificateur d&#039;air connect\u00e9\" srcset=\"https:\/\/filters.erlab.com\/wp-content\/uploads\/halo-35-300x300.png 300w, https:\/\/filters.erlab.com\/wp-content\/uploads\/halo-35-100x100.png 100w\" sizes=\"(max-width: 300px) 100vw, 300px\" \/><h2 class=\"woocommerce-loop-product__title\">HALO 35 C<\/h2>\n\t<span class=\"price\"><span class=\"from\">From: <\/span><span class=\"woocommerce-Price-amount amount\"><bdi>14,00&nbsp;<span class=\"woocommerce-Price-currencySymbol\">&euro;<\/span><\/bdi><\/span><\/span>\n<\/a>\n<div\n\tclass=\"yith-wcwl-add-to-wishlist add-to-wishlist-10076 yith-wcwl-add-to-wishlist--button_default-style wishlist-fragment on-first-load\"\n\tdata-fragment-ref=\"10076\"\n\tdata-fragment-options=\"{&quot;base_url&quot;:&quot;&quot;,&quot;product_id&quot;:10076,&quot;parent_product_id&quot;:0,&quot;product_type&quot;:&quot;bundle&quot;,&quot;is_single&quot;:false,&quot;in_default_wishlist&quot;:false,&quot;show_view&quot;:false,&quot;browse_wishlist_text&quot;:&quot;&quot;,&quot;already_in_wishslist_text&quot;:&quot;&quot;,&quot;product_added_text&quot;:&quot;Produit ajout\\u00e9 \\u00e0 la liste de souhaits&quot;,&quot;available_multi_wishlist&quot;:false,&quot;disable_wishlist&quot;:false,&quot;show_count&quot;:false,&quot;ajax_loading&quot;:false,&quot;loop_position&quot;:&quot;before_add_to_cart&quot;,&quot;item&quot;:&quot;add_to_wishlist&quot;}\"\n>\n\t<\/div>\n<div class=\"woocommerce-loop-product__buttons\"><a href=\"https:\/\/filters.erlab.com\/en\/catalogue\/erlab\/purificateurs-dair\/halo-35-c\/\" aria-describedby=\"woocommerce_loop_add_to_cart_link_describedby_10076\" data-quantity=\"1\" class=\"button product_type_bundle product_type_bundle_input_required add_to_cart_button\" data-product_id=\"10076\" data-product_sku=\"\" aria-label=\"Find out more about \u201cHALO 35 C\u201d\" rel=\"nofollow\" data-no-translation=\"\" data-trp-gettext=\"\" data-no-translation-aria-label=\"\">Select options<\/a><\/div>\t<span id=\"woocommerce_loop_add_to_cart_link_describedby_10076\" class=\"screen-reader-text\">\n\t\t\t<\/span>\n<\/li>\n<li class=\"add-to-wishlist-before_add_to_cart product type-product post-10077 status-publish instock product_cat-purificateurs-dair product_tag-new product_tag-product has-post-thumbnail virtual taxable purchasable product-type-bundle\">\n\t<a href=\"https:\/\/filters.erlab.com\/en\/catalogue\/erlab\/purificateurs-dair\/halo-35-c-p\/\" class=\"woocommerce-LoopProduct-link woocommerce-loop-product__link\"><img decoding=\"async\" width=\"300\" height=\"300\" src=\"https:\/\/filters.erlab.com\/wp-content\/uploads\/halo-35-300x300.png\" class=\"attachment-woocommerce_thumbnail size-woocommerce_thumbnail\" alt=\"Purificateur d&#039;air connect\u00e9\" srcset=\"https:\/\/filters.erlab.com\/wp-content\/uploads\/halo-35-300x300.png 300w, https:\/\/filters.erlab.com\/wp-content\/uploads\/halo-35-100x100.png 100w\" sizes=\"(max-width: 300px) 100vw, 300px\" \/><h2 class=\"woocommerce-loop-product__title\">HALO 35 C &#038; P<\/h2>\n\t<span class=\"price\"><span class=\"from\">From: <\/span><span class=\"woocommerce-Price-amount amount\"><bdi>14,00&nbsp;<span class=\"woocommerce-Price-currencySymbol\">&euro;<\/span><\/bdi><\/span><\/span>\n<\/a>\n<div\n\tclass=\"yith-wcwl-add-to-wishlist add-to-wishlist-10077 yith-wcwl-add-to-wishlist--button_default-style wishlist-fragment on-first-load\"\n\tdata-fragment-ref=\"10077\"\n\tdata-fragment-options=\"{&quot;base_url&quot;:&quot;&quot;,&quot;product_id&quot;:10077,&quot;parent_product_id&quot;:0,&quot;product_type&quot;:&quot;bundle&quot;,&quot;is_single&quot;:false,&quot;in_default_wishlist&quot;:false,&quot;show_view&quot;:false,&quot;browse_wishlist_text&quot;:&quot;&quot;,&quot;already_in_wishslist_text&quot;:&quot;&quot;,&quot;product_added_text&quot;:&quot;Produit ajout\\u00e9 \\u00e0 la liste de souhaits&quot;,&quot;available_multi_wishlist&quot;:false,&quot;disable_wishlist&quot;:false,&quot;show_count&quot;:false,&quot;ajax_loading&quot;:false,&quot;loop_position&quot;:&quot;before_add_to_cart&quot;,&quot;item&quot;:&quot;add_to_wishlist&quot;}\"\n>\n\t<\/div>\n<div class=\"woocommerce-loop-product__buttons\"><a href=\"https:\/\/filters.erlab.com\/en\/catalogue\/erlab\/purificateurs-dair\/halo-35-c-p\/\" aria-describedby=\"woocommerce_loop_add_to_cart_link_describedby_10077\" data-quantity=\"1\" class=\"button product_type_bundle product_type_bundle_input_required add_to_cart_button\" data-product_id=\"10077\" data-product_sku=\"\" aria-label=\"Find out more about \u201cHALO 35 C &amp; P\u201d\" rel=\"nofollow\" data-no-translation=\"\" data-trp-gettext=\"\" data-no-translation-aria-label=\"\">Select options<\/a><\/div>\t<span id=\"woocommerce_loop_add_to_cart_link_describedby_10077\" class=\"screen-reader-text\">\n\t\t\t<\/span>\n<\/li>\n<li class=\"add-to-wishlist-before_add_to_cart product type-product post-10075 status-publish last instock product_cat-purificateurs-dair product_tag-new product_tag-product has-post-thumbnail virtual taxable purchasable product-type-bundle\">\n\t<a href=\"https:\/\/filters.erlab.com\/en\/catalogue\/erlab\/purificateurs-dair\/halo-35-p\/\" class=\"woocommerce-LoopProduct-link woocommerce-loop-product__link\"><img decoding=\"async\" width=\"300\" height=\"300\" src=\"https:\/\/filters.erlab.com\/wp-content\/uploads\/halo-35-300x300.png\" class=\"attachment-woocommerce_thumbnail size-woocommerce_thumbnail\" alt=\"Purificateur d&#039;air connect\u00e9\" srcset=\"https:\/\/filters.erlab.com\/wp-content\/uploads\/halo-35-300x300.png 300w, https:\/\/filters.erlab.com\/wp-content\/uploads\/halo-35-100x100.png 100w\" sizes=\"(max-width: 300px) 100vw, 300px\" \/><h2 class=\"woocommerce-loop-product__title\">HALO 35 P<\/h2>\n\t<span class=\"price\"><span class=\"from\">From: <\/span><span class=\"woocommerce-Price-amount amount\"><bdi>14,00&nbsp;<span class=\"woocommerce-Price-currencySymbol\">&euro;<\/span><\/bdi><\/span><\/span>\n<\/a>\n<div\n\tclass=\"yith-wcwl-add-to-wishlist add-to-wishlist-10075 yith-wcwl-add-to-wishlist--button_default-style wishlist-fragment on-first-load\"\n\tdata-fragment-ref=\"10075\"\n\tdata-fragment-options=\"{&quot;base_url&quot;:&quot;&quot;,&quot;product_id&quot;:10075,&quot;parent_product_id&quot;:0,&quot;product_type&quot;:&quot;bundle&quot;,&quot;is_single&quot;:false,&quot;in_default_wishlist&quot;:false,&quot;show_view&quot;:false,&quot;browse_wishlist_text&quot;:&quot;&quot;,&quot;already_in_wishslist_text&quot;:&quot;&quot;,&quot;product_added_text&quot;:&quot;Produit ajout\\u00e9 \\u00e0 la liste de souhaits&quot;,&quot;available_multi_wishlist&quot;:false,&quot;disable_wishlist&quot;:false,&quot;show_count&quot;:false,&quot;ajax_loading&quot;:false,&quot;loop_position&quot;:&quot;before_add_to_cart&quot;,&quot;item&quot;:&quot;add_to_wishlist&quot;}\"\n>\n\t<\/div>\n<div class=\"woocommerce-loop-product__buttons\"><a href=\"https:\/\/filters.erlab.com\/en\/catalogue\/erlab\/purificateurs-dair\/halo-35-p\/\" aria-describedby=\"woocommerce_loop_add_to_cart_link_describedby_10075\" data-quantity=\"1\" class=\"button product_type_bundle product_type_bundle_input_required add_to_cart_button\" data-product_id=\"10075\" data-product_sku=\"\" aria-label=\"Find out more about \u201cHALO 35 P\u201d\" rel=\"nofollow\" data-no-translation=\"\" data-trp-gettext=\"\" data-no-translation-aria-label=\"\">Select options<\/a><\/div>\t<span id=\"woocommerce_loop_add_to_cart_link_describedby_10075\" class=\"screen-reader-text\">\n\t\t\t<\/span>\n<\/li>\n<\/ul>\n<\/div>\t\t\t\t<\/div>\n\t\t\t\t<\/div>\n\t\t\t\t\t<\/div>\n\t\t<\/div>\n\t\t\t\t\t<\/div>\n\t\t<\/section>\n\t\t\t\t<\/div>","protected":false},"excerpt":{"rendered":"<p>Filtres pour purificateur d&rsquo;air connect\u00e9 Les filtres pour purificateurs d\u2019air ERLAB jouent un r\u00f4le essentiel dans l\u2019\u00e9limination des polluants pr\u00e9sents dans l\u2019air ambiant du laboratoire. Gr\u00e2ce \u00e0 leur haute efficacit\u00e9 de capture, ils retiennent durablement les contaminants chimiques et particulaires, assurant une qualit\u00e9 d\u2019air optimale en continu. Adapt\u00e9s aux syst\u00e8mes autonomes de purification, ces filtres [&hellip;]<\/p>","protected":false},"author":1,"featured_media":0,"parent":3133,"menu_order":7,"comment_status":"closed","ping_status":"closed","template":"elementor_header_footer","meta":{"footnotes":""},"class_list":["post-3237","page","type-page","status-publish","hentry"],"_links":{"self":[{"href":"https:\/\/filters.erlab.com\/en\/wp-json\/wp\/v2\/pages\/3237","targetHints":{"allow":["GET"]}}],"collection":[{"href":"https:\/\/filters.erlab.com\/en\/wp-json\/wp\/v2\/pages"}],"about":[{"href":"https:\/\/filters.erlab.com\/en\/wp-json\/wp\/v2\/types\/page"}],"author":[{"embeddable":true,"href":"https:\/\/filters.erlab.com\/en\/wp-json\/wp\/v2\/users\/1"}],"replies":[{"embeddable":true,"href":"https:\/\/filters.erlab.com\/en\/wp-json\/wp\/v2\/comments?post=3237"}],"version-history":[{"count":7,"href":"https:\/\/filters.erlab.com\/en\/wp-json\/wp\/v2\/pages\/3237\/revisions"}],"predecessor-version":[{"id":11434,"href":"https:\/\/filters.erlab.com\/en\/wp-json\/wp\/v2\/pages\/3237\/revisions\/11434"}],"up":[{"embeddable":true,"href":"https:\/\/filters.erlab.com\/en\/wp-json\/wp\/v2\/pages\/3133"}],"wp:attachment":[{"href":"https:\/\/filters.erlab.com\/en\/wp-json\/wp\/v2\/media?parent=3237"}],"curies":[{"name":"wp","href":"https:\/\/api.w.org\/{rel}","templated":true}]}}