{"id":3233,"date":"2022-12-01T09:12:29","date_gmt":"2022-12-01T08:12:29","guid":{"rendered":"https:\/\/filters.erlab.com\/?page_id=3233"},"modified":"2025-09-29T09:01:44","modified_gmt":"2025-09-29T07:01:44","slug":"hottes-biologiques","status":"publish","type":"page","link":"https:\/\/filters.erlab.com\/en\/produits-erlab\/hottes-biologiques\/","title":{"rendered":"Biological safety cabinets"},"content":{"rendered":"<div data-elementor-type=\"wp-page\" data-elementor-id=\"3233\" class=\"elementor elementor-3233\" data-elementor-post-type=\"page\">\n\t\t\t\t\t\t<section class=\"elementor-section elementor-top-section elementor-element elementor-element-307918e3 elementor-section-boxed elementor-section-height-default elementor-section-height-default\" data-id=\"307918e3\" data-element_type=\"section\" id=\"new\">\n\t\t\t\t\t\t<div class=\"elementor-container elementor-column-gap-default\">\n\t\t\t\t\t<div class=\"elementor-column elementor-col-100 elementor-top-column elementor-element elementor-element-2adc1712\" data-id=\"2adc1712\" data-element_type=\"column\">\n\t\t\t<div class=\"elementor-widget-wrap elementor-element-populated\">\n\t\t\t\t\t\t<div class=\"elementor-element elementor-element-704d88a8 elementor-widget elementor-widget-heading\" data-id=\"704d88a8\" data-element_type=\"widget\" data-widget_type=\"heading.default\">\n\t\t\t\t<div class=\"elementor-widget-container\">\n\t\t\t\t\t<h1 class=\"elementor-heading-title elementor-size-default\">Filters for Biological Hoods<\/h1>\t\t\t\t<\/div>\n\t\t\t\t<\/div>\n\t\t\t\t<div class=\"elementor-element elementor-element-41005f10 elementor-widget elementor-widget-text-editor\" data-id=\"41005f10\" data-element_type=\"widget\" data-widget_type=\"text-editor.default\">\n\t\t\t\t<div class=\"elementor-widget-container\">\n\t\t\t\t\t\t\t\t\t<p class=\"translation-block\">Filters for Erlab biological safety cabinets provide ultra-high efficiency filtration.<\/p><p class=\"translation-block\">They maintain a sterile, particle-free working environment, which is essential for sensitive laboratory procedures. Combined with the UV decontamination system, they ensure optimal protection between each operation. For enhanced safety, a molecular filter can be added to effectively capture Volatile Organic Compounds (VOCs) present in the ambient air.<\/p>\t\t\t\t\t\t\t\t<\/div>\n\t\t\t\t<\/div>\n\t\t\t\t<div class=\"elementor-element elementor-element-3be63da5 elementor-product-loop-item--align-center elementor-grid-4 elementor-grid-tablet-3 elementor-grid-mobile-2 elementor-products-grid elementor-wc-products elementor-show-pagination-border-yes elementor-widget elementor-widget-woocommerce-products\" data-id=\"3be63da5\" data-element_type=\"widget\" data-widget_type=\"woocommerce-products.default\">\n\t\t\t\t<div class=\"elementor-widget-container\">\n\t\t\t\t\t<div class=\"woocommerce columns-4\"><div class=\"woocommerce-notices-wrapper\"><\/div><ul class=\"products elementor-grid columns-4\">\n<li class=\"add-to-wishlist-before_add_to_cart product type-product post-10089 status-publish first instock product_cat-hottes-biologie-pcr product_tag-new product_tag-product has-post-thumbnail virtual taxable purchasable product-type-bundle\">\n\t<a href=\"https:\/\/filters.erlab.com\/en\/catalogue\/erlab\/hottes-biologie-pcr\/bio-321-smart\/\" class=\"woocommerce-LoopProduct-link woocommerce-loop-product__link\"><img fetchpriority=\"high\" decoding=\"async\" width=\"300\" height=\"300\" src=\"https:\/\/filters.erlab.com\/wp-content\/uploads\/321-bio-300x300.png\" class=\"attachment-woocommerce_thumbnail size-woocommerce_thumbnail\" alt=\"Hotte biologique\" srcset=\"https:\/\/filters.erlab.com\/wp-content\/uploads\/321-bio-300x300.png 300w, https:\/\/filters.erlab.com\/wp-content\/uploads\/321-bio-100x100.png 100w\" sizes=\"(max-width: 300px) 100vw, 300px\" \/><h2 class=\"woocommerce-loop-product__title\">Bio 321 Smart<\/h2>\n\t<span class=\"price\"><span class=\"from\">From: <\/span><span class=\"woocommerce-Price-amount amount\"><bdi>446,00&nbsp;<span class=\"woocommerce-Price-currencySymbol\">&euro;<\/span><\/bdi><\/span><\/span>\n<\/a>\n<div\n\tclass=\"yith-wcwl-add-to-wishlist add-to-wishlist-10089 yith-wcwl-add-to-wishlist--button_default-style wishlist-fragment on-first-load\"\n\tdata-fragment-ref=\"10089\"\n\tdata-fragment-options=\"{&quot;base_url&quot;:&quot;&quot;,&quot;product_id&quot;:10089,&quot;parent_product_id&quot;:0,&quot;product_type&quot;:&quot;bundle&quot;,&quot;is_single&quot;:false,&quot;in_default_wishlist&quot;:false,&quot;show_view&quot;:false,&quot;browse_wishlist_text&quot;:&quot;&quot;,&quot;already_in_wishslist_text&quot;:&quot;&quot;,&quot;product_added_text&quot;:&quot;Produit ajout\\u00e9 \\u00e0 la liste de souhaits&quot;,&quot;available_multi_wishlist&quot;:false,&quot;disable_wishlist&quot;:false,&quot;show_count&quot;:false,&quot;ajax_loading&quot;:false,&quot;loop_position&quot;:&quot;before_add_to_cart&quot;,&quot;item&quot;:&quot;add_to_wishlist&quot;}\"\n>\n\t<\/div>\n<div class=\"woocommerce-loop-product__buttons\"><a href=\"https:\/\/filters.erlab.com\/en\/catalogue\/erlab\/hottes-biologie-pcr\/bio-321-smart\/\" aria-describedby=\"woocommerce_loop_add_to_cart_link_describedby_10089\" data-quantity=\"1\" class=\"button product_type_bundle product_type_bundle_input_required add_to_cart_button\" data-product_id=\"10089\" data-product_sku=\"\" aria-label=\"Find out more about \u201cBio 321 Smart\u201d\" rel=\"nofollow\" data-no-translation=\"\" data-trp-gettext=\"\" data-no-translation-aria-label=\"\">Select options<\/a><\/div>\t<span id=\"woocommerce_loop_add_to_cart_link_describedby_10089\" class=\"screen-reader-text\">\n\t\t\t<\/span>\n<\/li>\n<li class=\"add-to-wishlist-before_add_to_cart product type-product post-10087 status-publish instock product_cat-hottes-biologie-pcr product_tag-new product_tag-product has-post-thumbnail virtual taxable purchasable product-type-bundle\">\n\t<a href=\"https:\/\/filters.erlab.com\/en\/catalogue\/erlab\/hottes-biologie-pcr\/bio-391-smart\/\" class=\"woocommerce-LoopProduct-link woocommerce-loop-product__link\"><img decoding=\"async\" width=\"300\" height=\"300\" src=\"https:\/\/filters.erlab.com\/wp-content\/uploads\/391-bio-300x300.png\" class=\"attachment-woocommerce_thumbnail size-woocommerce_thumbnail\" alt=\"Hotte biologique\" srcset=\"https:\/\/filters.erlab.com\/wp-content\/uploads\/391-bio-300x300.png 300w, https:\/\/filters.erlab.com\/wp-content\/uploads\/391-bio-100x100.png 100w\" sizes=\"(max-width: 300px) 100vw, 300px\" \/><h2 class=\"woocommerce-loop-product__title\">Bio 391 Smart<\/h2>\n\t<span class=\"price\"><span class=\"from\">From: <\/span><span class=\"woocommerce-Price-amount amount\"><bdi>446,00&nbsp;<span class=\"woocommerce-Price-currencySymbol\">&euro;<\/span><\/bdi><\/span><\/span>\n<\/a>\n<div\n\tclass=\"yith-wcwl-add-to-wishlist add-to-wishlist-10087 yith-wcwl-add-to-wishlist--button_default-style wishlist-fragment on-first-load\"\n\tdata-fragment-ref=\"10087\"\n\tdata-fragment-options=\"{&quot;base_url&quot;:&quot;&quot;,&quot;product_id&quot;:10087,&quot;parent_product_id&quot;:0,&quot;product_type&quot;:&quot;bundle&quot;,&quot;is_single&quot;:false,&quot;in_default_wishlist&quot;:false,&quot;show_view&quot;:false,&quot;browse_wishlist_text&quot;:&quot;&quot;,&quot;already_in_wishslist_text&quot;:&quot;&quot;,&quot;product_added_text&quot;:&quot;Produit ajout\\u00e9 \\u00e0 la liste de souhaits&quot;,&quot;available_multi_wishlist&quot;:false,&quot;disable_wishlist&quot;:false,&quot;show_count&quot;:false,&quot;ajax_loading&quot;:false,&quot;loop_position&quot;:&quot;before_add_to_cart&quot;,&quot;item&quot;:&quot;add_to_wishlist&quot;}\"\n>\n\t<\/div>\n<div class=\"woocommerce-loop-product__buttons\"><a href=\"https:\/\/filters.erlab.com\/en\/catalogue\/erlab\/hottes-biologie-pcr\/bio-391-smart\/\" aria-describedby=\"woocommerce_loop_add_to_cart_link_describedby_10087\" data-quantity=\"1\" class=\"button product_type_bundle product_type_bundle_input_required add_to_cart_button\" data-product_id=\"10087\" data-product_sku=\"\" aria-label=\"Find out more about \u201cBio 391 Smart\u201d\" rel=\"nofollow\" data-no-translation=\"\" data-trp-gettext=\"\" data-no-translation-aria-label=\"\">Select options<\/a><\/div>\t<span id=\"woocommerce_loop_add_to_cart_link_describedby_10087\" class=\"screen-reader-text\">\n\t\t\t<\/span>\n<\/li>\n<\/ul>\n<\/div>\t\t\t\t<\/div>\n\t\t\t\t<\/div>\n\t\t\t\t<div class=\"elementor-element elementor-element-77042b4 elementor-widget elementor-widget-heading\" data-id=\"77042b4\" data-element_type=\"widget\" data-widget_type=\"heading.default\">\n\t\t\t\t<div class=\"elementor-widget-container\">\n\t\t\t\t\t<h2 class=\"elementor-heading-title elementor-size-default\">Older Range<\/h2>\t\t\t\t<\/div>\n\t\t\t\t<\/div>\n\t\t\t\t<div class=\"elementor-element elementor-element-72261162 elementor-grid-4 elementor-grid-tablet-2 elementor-grid-mobile-1 elementor-widget elementor-widget-loop-grid\" data-id=\"72261162\" data-element_type=\"widget\" data-settings=\"{&quot;template_id&quot;:&quot;9554&quot;,&quot;columns&quot;:4,&quot;_skin&quot;:&quot;post&quot;,&quot;columns_tablet&quot;:&quot;2&quot;,&quot;columns_mobile&quot;:&quot;1&quot;,&quot;edit_handle_selector&quot;:&quot;[data-elementor-type=\\&quot;loop-item\\&quot;]&quot;,&quot;row_gap&quot;:{&quot;unit&quot;:&quot;px&quot;,&quot;size&quot;:&quot;&quot;,&quot;sizes&quot;:[]},&quot;row_gap_tablet&quot;:{&quot;unit&quot;:&quot;px&quot;,&quot;size&quot;:&quot;&quot;,&quot;sizes&quot;:[]},&quot;row_gap_mobile&quot;:{&quot;unit&quot;:&quot;px&quot;,&quot;size&quot;:&quot;&quot;,&quot;sizes&quot;:[]}}\" data-widget_type=\"loop-grid.post\">\n\t\t\t\t<div class=\"elementor-widget-container\">\n\t\t\t\t\t\t\t<div class=\"elementor-loop-container elementor-grid\" role=\"list\">\n\t\t<style id=\"loop-9554\">.elementor-9554 .elementor-element.elementor-element-04a5217{--display:flex;--flex-direction:row;--container-widget-width:initial;--container-widget-height:100%;--container-widget-flex-grow:1;--container-widget-align-self:stretch;--flex-wrap-mobile:wrap;}.elementor-9554 .elementor-element.elementor-element-504b27f .elementor-heading-title{font-weight:500;-webkit-text-stroke-color:#000;stroke:#000;}\/* Start custom CSS for theme-post-title, class: .elementor-element-504b27f *\/.elementor-9554 .elementor-element.elementor-element-504b27f:hover{\n    opacity:0.8;\n}\/* End custom CSS *\/<\/style>\t\t<div data-elementor-type=\"loop-item\" data-elementor-id=\"9554\" class=\"elementor elementor-9554 e-loop-item e-loop-item-10030 post-10030 product type-product status-publish has-post-thumbnail product_cat-hottes-biologie-pcr product_tag-old product_tag-product add-to-wishlist-before_add_to_cart first instock virtual taxable purchasable product-type-bundle\" data-elementor-post-type=\"elementor_library\" data-custom-edit-handle=\"1\">\n\t\t\t<div class=\"elementor-element elementor-element-04a5217 e-flex e-con-boxed e-con e-parent\" data-id=\"04a5217\" data-element_type=\"container\">\n\t\t\t\t\t<div class=\"e-con-inner\">\n\t\t\t\t<div class=\"elementor-element elementor-element-504b27f elementor-widget elementor-widget-theme-post-title elementor-page-title elementor-widget-heading\" data-id=\"504b27f\" data-element_type=\"widget\" data-widget_type=\"theme-post-title.default\">\n\t\t\t\t<div class=\"elementor-widget-container\">\n\t\t\t\t\t<p class=\"elementor-heading-title elementor-size-default\"><a href=\"https:\/\/filters.erlab.com\/en\/catalogue\/erlab\/hottes-biologie-pcr\/bio-321\/\">Bio 321<\/a><\/p>\t\t\t\t<\/div>\n\t\t\t\t<\/div>\n\t\t\t\t\t<\/div>\n\t\t\t\t<\/div>\n\t\t\t\t<\/div>\n\t\t\t\t<div data-elementor-type=\"loop-item\" data-elementor-id=\"9554\" class=\"elementor elementor-9554 e-loop-item e-loop-item-10029 post-10029 product type-product status-publish has-post-thumbnail product_cat-hottes-biologie-pcr product_tag-old product_tag-product add-to-wishlist-before_add_to_cart  instock virtual taxable purchasable product-type-bundle\" data-elementor-post-type=\"elementor_library\" data-custom-edit-handle=\"1\">\n\t\t\t<div class=\"elementor-element elementor-element-04a5217 e-flex e-con-boxed e-con e-parent\" data-id=\"04a5217\" data-element_type=\"container\">\n\t\t\t\t\t<div class=\"e-con-inner\">\n\t\t\t\t<div class=\"elementor-element elementor-element-504b27f elementor-widget elementor-widget-theme-post-title elementor-page-title elementor-widget-heading\" data-id=\"504b27f\" data-element_type=\"widget\" data-widget_type=\"theme-post-title.default\">\n\t\t\t\t<div class=\"elementor-widget-container\">\n\t\t\t\t\t<p class=\"elementor-heading-title elementor-size-default\"><a href=\"https:\/\/filters.erlab.com\/en\/catalogue\/erlab\/hottes-biologie-pcr\/bio-391\/\">Bio 391<\/a><\/p>\t\t\t\t<\/div>\n\t\t\t\t<\/div>\n\t\t\t\t\t<\/div>\n\t\t\t\t<\/div>\n\t\t\t\t<\/div>\n\t\t\t\t<div data-elementor-type=\"loop-item\" data-elementor-id=\"9554\" class=\"elementor elementor-9554 e-loop-item e-loop-item-10028 post-10028 product type-product status-publish has-post-thumbnail product_cat-hottes-biologie-pcr product_tag-old product_tag-product add-to-wishlist-before_add_to_cart  instock virtual taxable purchasable product-type-bundle\" data-elementor-post-type=\"elementor_library\" data-custom-edit-handle=\"1\">\n\t\t\t<div class=\"elementor-element elementor-element-04a5217 e-flex e-con-boxed e-con e-parent\" data-id=\"04a5217\" data-element_type=\"container\">\n\t\t\t\t\t<div class=\"e-con-inner\">\n\t\t\t\t<div class=\"elementor-element elementor-element-504b27f elementor-widget elementor-widget-theme-post-title elementor-page-title elementor-widget-heading\" data-id=\"504b27f\" data-element_type=\"widget\" data-widget_type=\"theme-post-title.default\">\n\t\t\t\t<div class=\"elementor-widget-container\">\n\t\t\t\t\t<p class=\"elementor-heading-title elementor-size-default\"><a href=\"https:\/\/filters.erlab.com\/en\/catalogue\/erlab\/hottes-biologie-pcr\/bio-712\/\">Bio 712<\/a><\/p>\t\t\t\t<\/div>\n\t\t\t\t<\/div>\n\t\t\t\t\t<\/div>\n\t\t\t\t<\/div>\n\t\t\t\t<\/div>\n\t\t\t\t<div data-elementor-type=\"loop-item\" data-elementor-id=\"9554\" class=\"elementor elementor-9554 e-loop-item e-loop-item-9999 post-9999 product type-product status-publish has-post-thumbnail product_cat-hottes-biologie-pcr product_tag-old product_tag-product add-to-wishlist-before_add_to_cart last instock virtual taxable purchasable product-type-bundle\" data-elementor-post-type=\"elementor_library\" data-custom-edit-handle=\"1\">\n\t\t\t<div class=\"elementor-element elementor-element-04a5217 e-flex e-con-boxed e-con e-parent\" data-id=\"04a5217\" data-element_type=\"container\">\n\t\t\t\t\t<div class=\"e-con-inner\">\n\t\t\t\t<div class=\"elementor-element elementor-element-504b27f elementor-widget elementor-widget-theme-post-title elementor-page-title elementor-widget-heading\" data-id=\"504b27f\" data-element_type=\"widget\" data-widget_type=\"theme-post-title.default\">\n\t\t\t\t<div class=\"elementor-widget-container\">\n\t\t\t\t\t<p class=\"elementor-heading-title elementor-size-default\"><a href=\"https:\/\/filters.erlab.com\/en\/catalogue\/erlab\/hottes-biologie-pcr\/biocap-rna-dna\/\">Biocap RNA \/ DNA<\/a><\/p>\t\t\t\t<\/div>\n\t\t\t\t<\/div>\n\t\t\t\t\t<\/div>\n\t\t\t\t<\/div>\n\t\t\t\t<\/div>\n\t\t\t\t<\/div>\n\t\t\n\t\t\t\t\t\t<\/div>\n\t\t\t\t<\/div>\n\t\t\t\t\t<\/div>\n\t\t<\/div>\n\t\t\t\t\t<\/div>\n\t\t<\/section>\n\t\t\t\t<\/div>","protected":false},"excerpt":{"rendered":"<p>Filtres pour hottes biologiques Les filtres pour hottes biologiques Erlab assurent une filtration \u00e0 tr\u00e8s haute efficacit\u00e9. Ils maintiennent un environnement de travail st\u00e9rile et exempt de particules, indispensable pour les manipulations sensibles en laboratoire. Associ\u00e9s au syst\u00e8me de d\u00e9contamination par lampe UV, ils garantissent une protection optimale entre chaque op\u00e9ration. Pour une s\u00e9curit\u00e9 renforc\u00e9e, [&hellip;]<\/p>","protected":false},"author":1,"featured_media":0,"parent":3133,"menu_order":5,"comment_status":"closed","ping_status":"closed","template":"elementor_header_footer","meta":{"footnotes":""},"class_list":["post-3233","page","type-page","status-publish","hentry"],"_links":{"self":[{"href":"https:\/\/filters.erlab.com\/en\/wp-json\/wp\/v2\/pages\/3233","targetHints":{"allow":["GET"]}}],"collection":[{"href":"https:\/\/filters.erlab.com\/en\/wp-json\/wp\/v2\/pages"}],"about":[{"href":"https:\/\/filters.erlab.com\/en\/wp-json\/wp\/v2\/types\/page"}],"author":[{"embeddable":true,"href":"https:\/\/filters.erlab.com\/en\/wp-json\/wp\/v2\/users\/1"}],"replies":[{"embeddable":true,"href":"https:\/\/filters.erlab.com\/en\/wp-json\/wp\/v2\/comments?post=3233"}],"version-history":[{"count":6,"href":"https:\/\/filters.erlab.com\/en\/wp-json\/wp\/v2\/pages\/3233\/revisions"}],"predecessor-version":[{"id":11327,"href":"https:\/\/filters.erlab.com\/en\/wp-json\/wp\/v2\/pages\/3233\/revisions\/11327"}],"up":[{"embeddable":true,"href":"https:\/\/filters.erlab.com\/en\/wp-json\/wp\/v2\/pages\/3133"}],"wp:attachment":[{"href":"https:\/\/filters.erlab.com\/en\/wp-json\/wp\/v2\/media?parent=3233"}],"curies":[{"name":"wp","href":"https:\/\/api.w.org\/{rel}","templated":true}]}}