{"id":3231,"date":"2022-12-01T09:12:14","date_gmt":"2022-12-01T08:12:14","guid":{"rendered":"https:\/\/filters.erlab.com\/?page_id=3231"},"modified":"2025-09-29T09:14:33","modified_gmt":"2025-09-29T07:14:33","slug":"caissons-de-filtration","status":"publish","type":"page","link":"https:\/\/filters.erlab.com\/en\/produits-erlab\/caissons-de-filtration\/","title":{"rendered":"Filtration boxes"},"content":{"rendered":"<div data-elementor-type=\"wp-page\" data-elementor-id=\"3231\" class=\"elementor elementor-3231\" data-elementor-post-type=\"page\">\n\t\t\t\t\t\t<section class=\"elementor-section elementor-top-section elementor-element elementor-element-129d1790 elementor-section-boxed elementor-section-height-default elementor-section-height-default\" data-id=\"129d1790\" data-element_type=\"section\" id=\"new\">\n\t\t\t\t\t\t<div class=\"elementor-container elementor-column-gap-default\">\n\t\t\t\t\t<div class=\"elementor-column elementor-col-100 elementor-top-column elementor-element elementor-element-119cf187\" data-id=\"119cf187\" data-element_type=\"column\">\n\t\t\t<div class=\"elementor-widget-wrap elementor-element-populated\">\n\t\t\t\t\t\t<div class=\"elementor-element elementor-element-30156ea8 elementor-widget elementor-widget-heading\" data-id=\"30156ea8\" data-element_type=\"widget\" data-widget_type=\"heading.default\">\n\t\t\t\t<div class=\"elementor-widget-container\">\n\t\t\t\t\t<h1 class=\"elementor-heading-title elementor-size-default\">Filters for Filtration Boxes<\/h1>\t\t\t\t<\/div>\n\t\t\t\t<\/div>\n\t\t\t\t<div class=\"elementor-element elementor-element-57771e1a elementor-widget elementor-widget-text-editor\" data-id=\"57771e1a\" data-element_type=\"widget\" data-widget_type=\"text-editor.default\">\n\t\t\t\t<div class=\"elementor-widget-container\">\n\t\t\t\t\t\t\t\t\t<p class=\"translation-block\">Filters for Erlab filtration boxes provide effective air purification while easily adapting to different types of storage cabinets.<\/p>\n<p>Thanks to their flexible design, autonomous filtration boxes can be installed on many types of ventilated laboratory cabinets, making it easy to transform a standard cabinet into a filtered storage solution. Their filtration system continuously captures and eliminates chemical emissions, ensuring clean ambient air and optimal protection for operators.<\/p>\t\t\t\t\t\t\t\t<\/div>\n\t\t\t\t<\/div>\n\t\t\t\t<div class=\"elementor-element elementor-element-3e2a103 elementor-product-loop-item--align-center elementor-grid-4 elementor-grid-tablet-3 elementor-grid-mobile-2 elementor-products-grid elementor-wc-products elementor-show-pagination-border-yes elementor-widget elementor-widget-woocommerce-products\" data-id=\"3e2a103\" data-element_type=\"widget\" data-widget_type=\"woocommerce-products.default\">\n\t\t\t\t<div class=\"elementor-widget-container\">\n\t\t\t\t\t<div class=\"woocommerce columns-4\"><div class=\"woocommerce-notices-wrapper\"><\/div><ul class=\"products elementor-grid columns-4\">\n<li class=\"add-to-wishlist-before_add_to_cart product type-product post-10091 status-publish first instock product_cat-caissons-de-filtration product_tag-new product_tag-product has-post-thumbnail virtual taxable purchasable product-type-bundle\">\n\t<a href=\"https:\/\/filters.erlab.com\/en\/catalogue\/erlab\/caissons-de-filtration\/chemtrap-h402-1c-smart-midcap\/\" class=\"woocommerce-LoopProduct-link woocommerce-loop-product__link\"><img fetchpriority=\"high\" decoding=\"async\" width=\"300\" height=\"300\" src=\"https:\/\/filters.erlab.com\/wp-content\/uploads\/caisson-de-filtration-h402-300x300.png\" class=\"attachment-woocommerce_thumbnail size-woocommerce_thumbnail\" alt=\"Caisson de filtration autonome\" srcset=\"https:\/\/filters.erlab.com\/wp-content\/uploads\/caisson-de-filtration-h402-300x300.png 300w, https:\/\/filters.erlab.com\/wp-content\/uploads\/caisson-de-filtration-h402-100x100.png 100w\" sizes=\"(max-width: 300px) 100vw, 300px\" \/><h2 class=\"woocommerce-loop-product__title\">Chemtrap H402 1C Smart \/ Midcap<\/h2>\n\t<span class=\"price\"><span class=\"from\">From: <\/span><span class=\"woocommerce-Price-amount amount\"><bdi>317,00&nbsp;<span class=\"woocommerce-Price-currencySymbol\">&euro;<\/span><\/bdi><\/span><\/span>\n<\/a>\n<div\n\tclass=\"yith-wcwl-add-to-wishlist add-to-wishlist-10091 yith-wcwl-add-to-wishlist--button_default-style wishlist-fragment on-first-load\"\n\tdata-fragment-ref=\"10091\"\n\tdata-fragment-options=\"{&quot;base_url&quot;:&quot;&quot;,&quot;product_id&quot;:10091,&quot;parent_product_id&quot;:0,&quot;product_type&quot;:&quot;bundle&quot;,&quot;is_single&quot;:false,&quot;in_default_wishlist&quot;:false,&quot;show_view&quot;:false,&quot;browse_wishlist_text&quot;:&quot;&quot;,&quot;already_in_wishslist_text&quot;:&quot;&quot;,&quot;product_added_text&quot;:&quot;Produit ajout\\u00e9 \\u00e0 la liste de souhaits&quot;,&quot;available_multi_wishlist&quot;:false,&quot;disable_wishlist&quot;:false,&quot;show_count&quot;:false,&quot;ajax_loading&quot;:false,&quot;loop_position&quot;:&quot;before_add_to_cart&quot;,&quot;item&quot;:&quot;add_to_wishlist&quot;}\"\n>\n\t<\/div>\n<div class=\"woocommerce-loop-product__buttons\"><a href=\"https:\/\/filters.erlab.com\/en\/catalogue\/erlab\/caissons-de-filtration\/chemtrap-h402-1c-smart-midcap\/\" aria-describedby=\"woocommerce_loop_add_to_cart_link_describedby_10091\" data-quantity=\"1\" class=\"button product_type_bundle product_type_bundle_input_required add_to_cart_button\" data-product_id=\"10091\" data-product_sku=\"\" aria-label=\"Find out more about \u201cChemtrap H402 1C Smart \/ Midcap\u201d\" rel=\"nofollow\" data-no-translation=\"\" data-trp-gettext=\"\" data-no-translation-aria-label=\"\">Select options<\/a><\/div>\t<span id=\"woocommerce_loop_add_to_cart_link_describedby_10091\" class=\"screen-reader-text\">\n\t\t\t<\/span>\n<\/li>\n<li class=\"add-to-wishlist-before_add_to_cart product type-product post-11241 status-publish instock product_cat-caissons-de-filtration product_tag-new product_tag-product has-post-thumbnail virtual taxable purchasable product-type-bundle\">\n\t<a href=\"https:\/\/filters.erlab.com\/en\/catalogue\/erlab\/caissons-de-filtration\/chemtrap-h402-1p1c-smart-midcap\/\" class=\"woocommerce-LoopProduct-link woocommerce-loop-product__link\"><img fetchpriority=\"high\" decoding=\"async\" width=\"300\" height=\"300\" src=\"https:\/\/filters.erlab.com\/wp-content\/uploads\/caisson-de-filtration-h402-300x300.png\" class=\"attachment-woocommerce_thumbnail size-woocommerce_thumbnail\" alt=\"Caisson de filtration autonome\" srcset=\"https:\/\/filters.erlab.com\/wp-content\/uploads\/caisson-de-filtration-h402-300x300.png 300w, https:\/\/filters.erlab.com\/wp-content\/uploads\/caisson-de-filtration-h402-100x100.png 100w\" sizes=\"(max-width: 300px) 100vw, 300px\" \/><h2 class=\"woocommerce-loop-product__title\">Chemtrap H402 1P1C Smart \/ Midcap<\/h2>\n\t<span class=\"price\"><span class=\"from\">From: <\/span><span class=\"woocommerce-Price-amount amount\"><bdi>258,00&nbsp;<span class=\"woocommerce-Price-currencySymbol\">&euro;<\/span><\/bdi><\/span><\/span>\n<\/a>\n<div\n\tclass=\"yith-wcwl-add-to-wishlist add-to-wishlist-11241 yith-wcwl-add-to-wishlist--button_default-style wishlist-fragment on-first-load\"\n\tdata-fragment-ref=\"11241\"\n\tdata-fragment-options=\"{&quot;base_url&quot;:&quot;&quot;,&quot;product_id&quot;:11241,&quot;parent_product_id&quot;:0,&quot;product_type&quot;:&quot;bundle&quot;,&quot;is_single&quot;:false,&quot;in_default_wishlist&quot;:false,&quot;show_view&quot;:false,&quot;browse_wishlist_text&quot;:&quot;&quot;,&quot;already_in_wishslist_text&quot;:&quot;&quot;,&quot;product_added_text&quot;:&quot;Produit ajout\\u00e9 \\u00e0 la liste de souhaits&quot;,&quot;available_multi_wishlist&quot;:false,&quot;disable_wishlist&quot;:false,&quot;show_count&quot;:false,&quot;ajax_loading&quot;:false,&quot;loop_position&quot;:&quot;before_add_to_cart&quot;,&quot;item&quot;:&quot;add_to_wishlist&quot;}\"\n>\n\t<\/div>\n<div class=\"woocommerce-loop-product__buttons\"><a href=\"https:\/\/filters.erlab.com\/en\/catalogue\/erlab\/caissons-de-filtration\/chemtrap-h402-1p1c-smart-midcap\/\" aria-describedby=\"woocommerce_loop_add_to_cart_link_describedby_11241\" data-quantity=\"1\" class=\"button product_type_bundle product_type_bundle_input_required add_to_cart_button\" data-product_id=\"11241\" data-product_sku=\"\" aria-label=\"Find out more about \u201cChemtrap H402 1P1C Smart \/ Midcap\u201d\" rel=\"nofollow\" data-no-translation=\"\" data-trp-gettext=\"\" data-no-translation-aria-label=\"\">Select options<\/a><\/div>\t<span id=\"woocommerce_loop_add_to_cart_link_describedby_11241\" class=\"screen-reader-text\">\n\t\t\t<\/span>\n<\/li>\n<li class=\"add-to-wishlist-before_add_to_cart product type-product post-10093 status-publish instock product_cat-caissons-de-filtration product_tag-new product_tag-product has-post-thumbnail virtual taxable purchasable product-type-bundle\">\n\t<a href=\"https:\/\/filters.erlab.com\/en\/catalogue\/erlab\/caissons-de-filtration\/chemtrap-v201-smart-midcap\/\" class=\"woocommerce-LoopProduct-link woocommerce-loop-product__link\"><img decoding=\"async\" width=\"300\" height=\"300\" src=\"https:\/\/filters.erlab.com\/wp-content\/uploads\/caisson-de-filtration-v201-300x300.png\" class=\"attachment-woocommerce_thumbnail size-woocommerce_thumbnail\" alt=\"Caisson de filtration autonome\" srcset=\"https:\/\/filters.erlab.com\/wp-content\/uploads\/caisson-de-filtration-v201-300x300.png 300w, https:\/\/filters.erlab.com\/wp-content\/uploads\/caisson-de-filtration-v201-100x100.png 100w\" sizes=\"(max-width: 300px) 100vw, 300px\" \/><h2 class=\"woocommerce-loop-product__title\">Chemtrap V201 Smart \/ Midcap<\/h2>\n\t<span class=\"price\"><span class=\"from\">From: <\/span><span class=\"woocommerce-Price-amount amount\"><bdi>179,00&nbsp;<span class=\"woocommerce-Price-currencySymbol\">&euro;<\/span><\/bdi><\/span><\/span>\n<\/a>\n<div\n\tclass=\"yith-wcwl-add-to-wishlist add-to-wishlist-10093 yith-wcwl-add-to-wishlist--button_default-style wishlist-fragment on-first-load\"\n\tdata-fragment-ref=\"10093\"\n\tdata-fragment-options=\"{&quot;base_url&quot;:&quot;&quot;,&quot;product_id&quot;:10093,&quot;parent_product_id&quot;:0,&quot;product_type&quot;:&quot;bundle&quot;,&quot;is_single&quot;:false,&quot;in_default_wishlist&quot;:false,&quot;show_view&quot;:false,&quot;browse_wishlist_text&quot;:&quot;&quot;,&quot;already_in_wishslist_text&quot;:&quot;&quot;,&quot;product_added_text&quot;:&quot;Produit ajout\\u00e9 \\u00e0 la liste de souhaits&quot;,&quot;available_multi_wishlist&quot;:false,&quot;disable_wishlist&quot;:false,&quot;show_count&quot;:false,&quot;ajax_loading&quot;:false,&quot;loop_position&quot;:&quot;before_add_to_cart&quot;,&quot;item&quot;:&quot;add_to_wishlist&quot;}\"\n>\n\t<\/div>\n<div class=\"woocommerce-loop-product__buttons\"><a href=\"https:\/\/filters.erlab.com\/en\/catalogue\/erlab\/caissons-de-filtration\/chemtrap-v201-smart-midcap\/\" aria-describedby=\"woocommerce_loop_add_to_cart_link_describedby_10093\" data-quantity=\"1\" class=\"button product_type_bundle product_type_bundle_input_required add_to_cart_button\" data-product_id=\"10093\" data-product_sku=\"\" aria-label=\"Find out more about \u201cChemtrap V201 Smart \/ Midcap\u201d\" rel=\"nofollow\" data-no-translation=\"\" data-trp-gettext=\"\" data-no-translation-aria-label=\"\">Select options<\/a><\/div>\t<span id=\"woocommerce_loop_add_to_cart_link_describedby_10093\" class=\"screen-reader-text\">\n\t\t\t<\/span>\n<\/li>\n<\/ul>\n<\/div>\t\t\t\t<\/div>\n\t\t\t\t<\/div>\n\t\t\t\t<div class=\"elementor-element elementor-element-5aaf3cf6 elementor-widget elementor-widget-heading\" data-id=\"5aaf3cf6\" data-element_type=\"widget\" data-widget_type=\"heading.default\">\n\t\t\t\t<div class=\"elementor-widget-container\">\n\t\t\t\t\t<h2 class=\"elementor-heading-title elementor-size-default\">Older Range<\/h2>\t\t\t\t<\/div>\n\t\t\t\t<\/div>\n\t\t\t\t<div class=\"elementor-element elementor-element-3b7a0288 elementor-grid-4 elementor-grid-tablet-2 elementor-grid-mobile-1 elementor-widget elementor-widget-loop-grid\" data-id=\"3b7a0288\" data-element_type=\"widget\" data-settings=\"{&quot;template_id&quot;:&quot;9554&quot;,&quot;columns&quot;:4,&quot;_skin&quot;:&quot;post&quot;,&quot;columns_tablet&quot;:&quot;2&quot;,&quot;columns_mobile&quot;:&quot;1&quot;,&quot;edit_handle_selector&quot;:&quot;[data-elementor-type=\\&quot;loop-item\\&quot;]&quot;,&quot;row_gap&quot;:{&quot;unit&quot;:&quot;px&quot;,&quot;size&quot;:&quot;&quot;,&quot;sizes&quot;:[]},&quot;row_gap_tablet&quot;:{&quot;unit&quot;:&quot;px&quot;,&quot;size&quot;:&quot;&quot;,&quot;sizes&quot;:[]},&quot;row_gap_mobile&quot;:{&quot;unit&quot;:&quot;px&quot;,&quot;size&quot;:&quot;&quot;,&quot;sizes&quot;:[]}}\" data-widget_type=\"loop-grid.post\">\n\t\t\t\t<div class=\"elementor-widget-container\">\n\t\t\t\t\t\t\t<div class=\"elementor-loop-container elementor-grid\" role=\"list\">\n\t\t<style id=\"loop-9554\">.elementor-9554 .elementor-element.elementor-element-04a5217{--display:flex;--flex-direction:row;--container-widget-width:initial;--container-widget-height:100%;--container-widget-flex-grow:1;--container-widget-align-self:stretch;--flex-wrap-mobile:wrap;}.elementor-9554 .elementor-element.elementor-element-504b27f .elementor-heading-title{font-weight:500;-webkit-text-stroke-color:#000;stroke:#000;}\/* Start custom CSS for theme-post-title, class: .elementor-element-504b27f *\/.elementor-9554 .elementor-element.elementor-element-504b27f:hover{\n    opacity:0.8;\n}\/* End custom CSS *\/<\/style>\t\t<div data-elementor-type=\"loop-item\" data-elementor-id=\"9554\" class=\"elementor elementor-9554 e-loop-item e-loop-item-9932 post-9932 product type-product status-publish has-post-thumbnail product_cat-caissons-de-filtration product_tag-old product_tag-product add-to-wishlist-before_add_to_cart first instock virtual taxable purchasable product-type-bundle\" data-elementor-post-type=\"elementor_library\" data-custom-edit-handle=\"1\">\n\t\t\t<div class=\"elementor-element elementor-element-04a5217 e-flex e-con-boxed e-con e-parent\" data-id=\"04a5217\" data-element_type=\"container\">\n\t\t\t\t\t<div class=\"e-con-inner\">\n\t\t\t\t<div class=\"elementor-element elementor-element-504b27f elementor-widget elementor-widget-theme-post-title elementor-page-title elementor-widget-heading\" data-id=\"504b27f\" data-element_type=\"widget\" data-widget_type=\"theme-post-title.default\">\n\t\t\t\t<div class=\"elementor-widget-container\">\n\t\t\t\t\t<p class=\"elementor-heading-title elementor-size-default\"><a href=\"https:\/\/filters.erlab.com\/en\/catalogue\/erlab\/caissons-de-filtration\/400c-asecos-duperthal-cyltec-pegasus\/\">400C \/ASECOS\/DUPERTHAL\/CYLTEC\/PEGASUS<\/a><\/p>\t\t\t\t<\/div>\n\t\t\t\t<\/div>\n\t\t\t\t\t<\/div>\n\t\t\t\t<\/div>\n\t\t\t\t<\/div>\n\t\t\t\t<div data-elementor-type=\"loop-item\" data-elementor-id=\"9554\" class=\"elementor elementor-9554 e-loop-item e-loop-item-10003 post-10003 product type-product status-publish has-post-thumbnail product_cat-caissons-de-filtration product_tag-old product_tag-product add-to-wishlist-before_add_to_cart  instock virtual taxable purchasable product-type-bundle\" data-elementor-post-type=\"elementor_library\" data-custom-edit-handle=\"1\">\n\t\t\t<div class=\"elementor-element elementor-element-04a5217 e-flex e-con-boxed e-con e-parent\" data-id=\"04a5217\" data-element_type=\"container\">\n\t\t\t\t\t<div class=\"e-con-inner\">\n\t\t\t\t<div class=\"elementor-element elementor-element-504b27f elementor-widget elementor-widget-theme-post-title elementor-page-title elementor-widget-heading\" data-id=\"504b27f\" data-element_type=\"widget\" data-widget_type=\"theme-post-title.default\">\n\t\t\t\t<div class=\"elementor-widget-container\">\n\t\t\t\t\t<p class=\"elementor-heading-title elementor-size-default\"><a href=\"https:\/\/filters.erlab.com\/en\/catalogue\/erlab\/caissons-de-filtration\/chemtrap-flex-version-h\/\">Chemtrap Flex version H<\/a><\/p>\t\t\t\t<\/div>\n\t\t\t\t<\/div>\n\t\t\t\t\t<\/div>\n\t\t\t\t<\/div>\n\t\t\t\t<\/div>\n\t\t\t\t<div data-elementor-type=\"loop-item\" data-elementor-id=\"9554\" class=\"elementor elementor-9554 e-loop-item e-loop-item-10004 post-10004 product type-product status-publish has-post-thumbnail product_cat-caissons-de-filtration product_tag-old product_tag-product add-to-wishlist-before_add_to_cart  instock virtual taxable purchasable product-type-bundle\" data-elementor-post-type=\"elementor_library\" data-custom-edit-handle=\"1\">\n\t\t\t<div class=\"elementor-element elementor-element-04a5217 e-flex e-con-boxed e-con e-parent\" data-id=\"04a5217\" data-element_type=\"container\">\n\t\t\t\t\t<div class=\"e-con-inner\">\n\t\t\t\t<div class=\"elementor-element elementor-element-504b27f elementor-widget elementor-widget-theme-post-title elementor-page-title elementor-widget-heading\" data-id=\"504b27f\" data-element_type=\"widget\" data-widget_type=\"theme-post-title.default\">\n\t\t\t\t<div class=\"elementor-widget-container\">\n\t\t\t\t\t<p class=\"elementor-heading-title elementor-size-default\"><a href=\"https:\/\/filters.erlab.com\/en\/catalogue\/erlab\/caissons-de-filtration\/chemtrap-flex-version-v\/\">Chemtrap Flex version V<\/a><\/p>\t\t\t\t<\/div>\n\t\t\t\t<\/div>\n\t\t\t\t\t<\/div>\n\t\t\t\t<\/div>\n\t\t\t\t<\/div>\n\t\t\t\t<div data-elementor-type=\"loop-item\" data-elementor-id=\"9554\" class=\"elementor elementor-9554 e-loop-item e-loop-item-10005 post-10005 product type-product status-publish has-post-thumbnail product_cat-caissons-de-filtration product_tag-old product_tag-product add-to-wishlist-before_add_to_cart last instock virtual taxable purchasable product-type-bundle\" data-elementor-post-type=\"elementor_library\" data-custom-edit-handle=\"1\">\n\t\t\t<div class=\"elementor-element elementor-element-04a5217 e-flex e-con-boxed e-con e-parent\" data-id=\"04a5217\" data-element_type=\"container\">\n\t\t\t\t\t<div class=\"e-con-inner\">\n\t\t\t\t<div class=\"elementor-element elementor-element-504b27f elementor-widget elementor-widget-theme-post-title elementor-page-title elementor-widget-heading\" data-id=\"504b27f\" data-element_type=\"widget\" data-widget_type=\"theme-post-title.default\">\n\t\t\t\t<div class=\"elementor-widget-container\">\n\t\t\t\t\t<p class=\"elementor-heading-title elementor-size-default\"><a href=\"https:\/\/filters.erlab.com\/en\/catalogue\/erlab\/caissons-de-filtration\/chemtrap-flex-version-v-avec-hepa\/\">Chemtrap Flex version V avec HEPA<\/a><\/p>\t\t\t\t<\/div>\n\t\t\t\t<\/div>\n\t\t\t\t\t<\/div>\n\t\t\t\t<\/div>\n\t\t\t\t<\/div>\n\t\t\t\t<\/div>\n\t\t\n\t\t\t\t\t\t<\/div>\n\t\t\t\t<\/div>\n\t\t\t\t\t<\/div>\n\t\t<\/div>\n\t\t\t\t\t<\/div>\n\t\t<\/section>\n\t\t\t\t<\/div>","protected":false},"excerpt":{"rendered":"<p>Filtres pour caissons de filtration Les filtres pour caissons de filtration Erlab assurent une purification efficace de l\u2019air tout en s\u2019adaptant facilement \u00e0 diff\u00e9rentes r\u00e9f\u00e9rences d\u2019armoires de stockage. Gr\u00e2ce \u00e0 leur conception flexible, les caissons de filtration autonomes peuvent \u00eatre install\u00e9s sur de nombreux mod\u00e8les d&rsquo;armoire ventil\u00e9e de laboratoire du march\u00e9, permettant ainsi de transformer [&hellip;]<\/p>","protected":false},"author":1,"featured_media":0,"parent":3133,"menu_order":4,"comment_status":"closed","ping_status":"closed","template":"elementor_header_footer","meta":{"footnotes":""},"class_list":["post-3231","page","type-page","status-publish","hentry"],"_links":{"self":[{"href":"https:\/\/filters.erlab.com\/en\/wp-json\/wp\/v2\/pages\/3231","targetHints":{"allow":["GET"]}}],"collection":[{"href":"https:\/\/filters.erlab.com\/en\/wp-json\/wp\/v2\/pages"}],"about":[{"href":"https:\/\/filters.erlab.com\/en\/wp-json\/wp\/v2\/types\/page"}],"author":[{"embeddable":true,"href":"https:\/\/filters.erlab.com\/en\/wp-json\/wp\/v2\/users\/1"}],"replies":[{"embeddable":true,"href":"https:\/\/filters.erlab.com\/en\/wp-json\/wp\/v2\/comments?post=3231"}],"version-history":[{"count":9,"href":"https:\/\/filters.erlab.com\/en\/wp-json\/wp\/v2\/pages\/3231\/revisions"}],"predecessor-version":[{"id":11342,"href":"https:\/\/filters.erlab.com\/en\/wp-json\/wp\/v2\/pages\/3231\/revisions\/11342"}],"up":[{"embeddable":true,"href":"https:\/\/filters.erlab.com\/en\/wp-json\/wp\/v2\/pages\/3133"}],"wp:attachment":[{"href":"https:\/\/filters.erlab.com\/en\/wp-json\/wp\/v2\/media?parent=3231"}],"curies":[{"name":"wp","href":"https:\/\/api.w.org\/{rel}","templated":true}]}}