{"id":3227,"date":"2022-12-01T09:11:36","date_gmt":"2022-12-01T08:11:36","guid":{"rendered":"https:\/\/filters.erlab.com\/?page_id=3227"},"modified":"2025-09-29T08:56:59","modified_gmt":"2025-09-29T06:56:59","slug":"postes-de-pesee-securises","status":"publish","type":"page","link":"https:\/\/filters.erlab.com\/en\/produits-erlab\/postes-de-pesee-securises\/","title":{"rendered":"Secure weighing stations"},"content":{"rendered":"<div data-elementor-type=\"wp-page\" data-elementor-id=\"3227\" class=\"elementor elementor-3227\" data-elementor-post-type=\"page\">\n\t\t\t\t\t\t<section class=\"elementor-section elementor-top-section elementor-element elementor-element-7fddbfe elementor-section-boxed elementor-section-height-default elementor-section-height-default\" data-id=\"7fddbfe\" data-element_type=\"section\" id=\"new\">\n\t\t\t\t\t\t<div class=\"elementor-container elementor-column-gap-default\">\n\t\t\t\t\t<div class=\"elementor-column elementor-col-100 elementor-top-column elementor-element elementor-element-5cc63942\" data-id=\"5cc63942\" data-element_type=\"column\">\n\t\t\t<div class=\"elementor-widget-wrap elementor-element-populated\">\n\t\t\t\t\t\t<div class=\"elementor-element elementor-element-56da458 elementor-widget elementor-widget-heading\" data-id=\"56da458\" data-element_type=\"widget\" data-widget_type=\"heading.default\">\n\t\t\t\t<div class=\"elementor-widget-container\">\n\t\t\t\t\t<h1 class=\"elementor-heading-title elementor-size-default\">Filters for Secured Weighing Stations<\/h1>\t\t\t\t<\/div>\n\t\t\t\t<\/div>\n\t\t\t\t<div class=\"elementor-element elementor-element-1257eb21 elementor-widget elementor-widget-text-editor\" data-id=\"1257eb21\" data-element_type=\"widget\" data-widget_type=\"text-editor.default\">\n\t\t\t\t<div class=\"elementor-widget-container\">\n\t\t\t\t\t\t\t\t\t<p class=\"translation-block\">Filters for Erlab weighing stations provide optimal protection during weighing operations in the laboratory.<\/p>\n<p class=\"translation-block\">They ensure excellent stability of the working environment and maintain a high level of precision, which is essential for sensitive procedures. Thanks to their advanced filtration technology, they help eliminate any risk of chemical exposure for personnel.<\/p>\t\t\t\t\t\t\t\t<\/div>\n\t\t\t\t<\/div>\n\t\t\t\t<div class=\"elementor-element elementor-element-69f388b2 elementor-product-loop-item--align-center elementor-grid-4 elementor-grid-tablet-3 elementor-grid-mobile-2 elementor-products-grid elementor-wc-products elementor-show-pagination-border-yes elementor-widget elementor-widget-woocommerce-products\" data-id=\"69f388b2\" data-element_type=\"widget\" data-widget_type=\"woocommerce-products.default\">\n\t\t\t\t<div class=\"elementor-widget-container\">\n\t\t\t\t\t<div class=\"woocommerce columns-4\"><div class=\"woocommerce-notices-wrapper\"><\/div><ul class=\"products elementor-grid columns-4\">\n<li class=\"add-to-wishlist-before_add_to_cart product type-product post-10523 status-publish first instock product_cat-postes-de-pesee-securises product_tag-new product_tag-product has-post-thumbnail virtual taxable purchasable product-type-bundle\">\n\t<a href=\"https:\/\/filters.erlab.com\/en\/catalogue\/erlab\/postes-de-pesee-securises\/captair-321\/\" class=\"woocommerce-LoopProduct-link woocommerce-loop-product__link\"><img fetchpriority=\"high\" decoding=\"async\" width=\"300\" height=\"300\" src=\"https:\/\/filters.erlab.com\/wp-content\/uploads\/poste-de-pesee-321-300x300.png\" class=\"attachment-woocommerce_thumbnail size-woocommerce_thumbnail\" alt=\"Poste de pes\u00e9e s\u00e9curis\u00e9\" srcset=\"https:\/\/filters.erlab.com\/wp-content\/uploads\/poste-de-pesee-321-300x300.png 300w, https:\/\/filters.erlab.com\/wp-content\/uploads\/poste-de-pesee-321-100x100.png 100w\" sizes=\"(max-width: 300px) 100vw, 300px\" \/><h2 class=\"woocommerce-loop-product__title\">Captair 321<\/h2>\n\t<span class=\"price\"><span class=\"from\">From: <\/span><span class=\"woocommerce-Price-amount amount\"><bdi>446,00&nbsp;<span class=\"woocommerce-Price-currencySymbol\">&euro;<\/span><\/bdi><\/span><\/span>\n<\/a>\n<div\n\tclass=\"yith-wcwl-add-to-wishlist add-to-wishlist-10523 yith-wcwl-add-to-wishlist--button_default-style wishlist-fragment on-first-load\"\n\tdata-fragment-ref=\"10523\"\n\tdata-fragment-options=\"{&quot;base_url&quot;:&quot;&quot;,&quot;product_id&quot;:10523,&quot;parent_product_id&quot;:0,&quot;product_type&quot;:&quot;bundle&quot;,&quot;is_single&quot;:false,&quot;in_default_wishlist&quot;:false,&quot;show_view&quot;:false,&quot;browse_wishlist_text&quot;:&quot;&quot;,&quot;already_in_wishslist_text&quot;:&quot;&quot;,&quot;product_added_text&quot;:&quot;Produit ajout\\u00e9 \\u00e0 la liste de souhaits&quot;,&quot;available_multi_wishlist&quot;:false,&quot;disable_wishlist&quot;:false,&quot;show_count&quot;:false,&quot;ajax_loading&quot;:false,&quot;loop_position&quot;:&quot;before_add_to_cart&quot;,&quot;item&quot;:&quot;add_to_wishlist&quot;}\"\n>\n\t<\/div>\n<div class=\"woocommerce-loop-product__buttons\"><a href=\"https:\/\/filters.erlab.com\/en\/catalogue\/erlab\/postes-de-pesee-securises\/captair-321\/\" aria-describedby=\"woocommerce_loop_add_to_cart_link_describedby_10523\" data-quantity=\"1\" class=\"button product_type_bundle product_type_bundle_input_required add_to_cart_button\" data-product_id=\"10523\" data-product_sku=\"\" aria-label=\"Find out more about \u201cCaptair 321\u201d\" rel=\"nofollow\" data-no-translation=\"\" data-trp-gettext=\"\" data-no-translation-aria-label=\"\">Select options<\/a><\/div>\t<span id=\"woocommerce_loop_add_to_cart_link_describedby_10523\" class=\"screen-reader-text\">\n\t\t\t<\/span>\n<\/li>\n<li class=\"add-to-wishlist-before_add_to_cart product type-product post-10525 status-publish instock product_cat-postes-de-pesee-securises product_tag-new product_tag-product has-post-thumbnail virtual taxable purchasable product-type-bundle\">\n\t<a href=\"https:\/\/filters.erlab.com\/en\/catalogue\/erlab\/postes-de-pesee-securises\/captair-391\/\" class=\"woocommerce-LoopProduct-link woocommerce-loop-product__link\"><img decoding=\"async\" width=\"300\" height=\"300\" src=\"https:\/\/filters.erlab.com\/wp-content\/uploads\/poste-de-pesee-391-300x300.png\" class=\"attachment-woocommerce_thumbnail size-woocommerce_thumbnail\" alt=\"Poste de pes\u00e9e s\u00e9curis\u00e9\" srcset=\"https:\/\/filters.erlab.com\/wp-content\/uploads\/poste-de-pesee-391-300x300.png 300w, https:\/\/filters.erlab.com\/wp-content\/uploads\/poste-de-pesee-391-100x100.png 100w\" sizes=\"(max-width: 300px) 100vw, 300px\" \/><h2 class=\"woocommerce-loop-product__title\">Captair 391<\/h2>\n\t<span class=\"price\"><span class=\"from\">From: <\/span><span class=\"woocommerce-Price-amount amount\"><bdi>446,00&nbsp;<span class=\"woocommerce-Price-currencySymbol\">&euro;<\/span><\/bdi><\/span><\/span>\n<\/a>\n<div\n\tclass=\"yith-wcwl-add-to-wishlist add-to-wishlist-10525 yith-wcwl-add-to-wishlist--button_default-style wishlist-fragment on-first-load\"\n\tdata-fragment-ref=\"10525\"\n\tdata-fragment-options=\"{&quot;base_url&quot;:&quot;&quot;,&quot;product_id&quot;:10525,&quot;parent_product_id&quot;:0,&quot;product_type&quot;:&quot;bundle&quot;,&quot;is_single&quot;:false,&quot;in_default_wishlist&quot;:false,&quot;show_view&quot;:false,&quot;browse_wishlist_text&quot;:&quot;&quot;,&quot;already_in_wishslist_text&quot;:&quot;&quot;,&quot;product_added_text&quot;:&quot;Produit ajout\\u00e9 \\u00e0 la liste de souhaits&quot;,&quot;available_multi_wishlist&quot;:false,&quot;disable_wishlist&quot;:false,&quot;show_count&quot;:false,&quot;ajax_loading&quot;:false,&quot;loop_position&quot;:&quot;before_add_to_cart&quot;,&quot;item&quot;:&quot;add_to_wishlist&quot;}\"\n>\n\t<\/div>\n<div class=\"woocommerce-loop-product__buttons\"><a href=\"https:\/\/filters.erlab.com\/en\/catalogue\/erlab\/postes-de-pesee-securises\/captair-391\/\" aria-describedby=\"woocommerce_loop_add_to_cart_link_describedby_10525\" data-quantity=\"1\" class=\"button product_type_bundle product_type_bundle_input_required add_to_cart_button\" data-product_id=\"10525\" data-product_sku=\"\" aria-label=\"Find out more about \u201cCaptair 391\u201d\" rel=\"nofollow\" data-no-translation=\"\" data-trp-gettext=\"\" data-no-translation-aria-label=\"\">Select options<\/a><\/div>\t<span id=\"woocommerce_loop_add_to_cart_link_describedby_10525\" class=\"screen-reader-text\">\n\t\t\t<\/span>\n<\/li>\n<li class=\"add-to-wishlist-before_add_to_cart product type-product post-10529 status-publish instock product_cat-postes-de-pesee-securises product_tag-new product_tag-product has-post-thumbnail virtual taxable purchasable product-type-bundle\">\n\t<a href=\"https:\/\/filters.erlab.com\/en\/catalogue\/erlab\/postes-de-pesee-securises\/captair-392\/\" class=\"woocommerce-LoopProduct-link woocommerce-loop-product__link\"><img decoding=\"async\" width=\"300\" height=\"300\" src=\"https:\/\/filters.erlab.com\/wp-content\/uploads\/poste-de-pesee-392-300x300.png\" class=\"attachment-woocommerce_thumbnail size-woocommerce_thumbnail\" alt=\"Poste de pes\u00e9e s\u00e9curis\u00e9\" srcset=\"https:\/\/filters.erlab.com\/wp-content\/uploads\/poste-de-pesee-392-300x300.png 300w, https:\/\/filters.erlab.com\/wp-content\/uploads\/poste-de-pesee-392-100x100.png 100w\" sizes=\"(max-width: 300px) 100vw, 300px\" \/><h2 class=\"woocommerce-loop-product__title\">Captair 392<\/h2>\n\t<span class=\"price\"><span class=\"from\">From: <\/span><span class=\"woocommerce-Price-amount amount\"><bdi>892,00&nbsp;<span class=\"woocommerce-Price-currencySymbol\">&euro;<\/span><\/bdi><\/span><\/span>\n<\/a>\n<div\n\tclass=\"yith-wcwl-add-to-wishlist add-to-wishlist-10529 yith-wcwl-add-to-wishlist--button_default-style wishlist-fragment on-first-load\"\n\tdata-fragment-ref=\"10529\"\n\tdata-fragment-options=\"{&quot;base_url&quot;:&quot;&quot;,&quot;product_id&quot;:10529,&quot;parent_product_id&quot;:0,&quot;product_type&quot;:&quot;bundle&quot;,&quot;is_single&quot;:false,&quot;in_default_wishlist&quot;:false,&quot;show_view&quot;:false,&quot;browse_wishlist_text&quot;:&quot;&quot;,&quot;already_in_wishslist_text&quot;:&quot;&quot;,&quot;product_added_text&quot;:&quot;Produit ajout\\u00e9 \\u00e0 la liste de souhaits&quot;,&quot;available_multi_wishlist&quot;:false,&quot;disable_wishlist&quot;:false,&quot;show_count&quot;:false,&quot;ajax_loading&quot;:false,&quot;loop_position&quot;:&quot;before_add_to_cart&quot;,&quot;item&quot;:&quot;add_to_wishlist&quot;}\"\n>\n\t<\/div>\n<div class=\"woocommerce-loop-product__buttons\"><a href=\"https:\/\/filters.erlab.com\/en\/catalogue\/erlab\/postes-de-pesee-securises\/captair-392\/\" aria-describedby=\"woocommerce_loop_add_to_cart_link_describedby_10529\" data-quantity=\"1\" class=\"button product_type_bundle product_type_bundle_input_required add_to_cart_button\" data-product_id=\"10529\" data-product_sku=\"\" aria-label=\"Find out more about \u201cCaptair 392\u201d\" rel=\"nofollow\" data-no-translation=\"\" data-trp-gettext=\"\" data-no-translation-aria-label=\"\">Select options<\/a><\/div>\t<span id=\"woocommerce_loop_add_to_cart_link_describedby_10529\" class=\"screen-reader-text\">\n\t\t\t<\/span>\n<\/li>\n<li class=\"add-to-wishlist-before_add_to_cart product type-product post-10527 status-publish last instock product_cat-postes-de-pesee-securises product_tag-new product_tag-product has-post-thumbnail virtual taxable purchasable product-type-bundle\">\n\t<a href=\"https:\/\/filters.erlab.com\/en\/catalogue\/erlab\/postes-de-pesee-securises\/captair-481\/\" class=\"woocommerce-LoopProduct-link woocommerce-loop-product__link\"><img loading=\"lazy\" decoding=\"async\" width=\"300\" height=\"300\" src=\"https:\/\/filters.erlab.com\/wp-content\/uploads\/poste-de-pesee-481-300x300.png\" class=\"attachment-woocommerce_thumbnail size-woocommerce_thumbnail\" alt=\"Poste de pes\u00e9e s\u00e9curis\u00e9\" srcset=\"https:\/\/filters.erlab.com\/wp-content\/uploads\/poste-de-pesee-481-300x300.png 300w, https:\/\/filters.erlab.com\/wp-content\/uploads\/poste-de-pesee-481-100x100.png 100w\" sizes=\"(max-width: 300px) 100vw, 300px\" \/><h2 class=\"woocommerce-loop-product__title\">Captair 481<\/h2>\n\t<span class=\"price\"><span class=\"from\">From: <\/span><span class=\"woocommerce-Price-amount amount\"><bdi>446,00&nbsp;<span class=\"woocommerce-Price-currencySymbol\">&euro;<\/span><\/bdi><\/span><\/span>\n<\/a>\n<div\n\tclass=\"yith-wcwl-add-to-wishlist add-to-wishlist-10527 yith-wcwl-add-to-wishlist--button_default-style wishlist-fragment on-first-load\"\n\tdata-fragment-ref=\"10527\"\n\tdata-fragment-options=\"{&quot;base_url&quot;:&quot;&quot;,&quot;product_id&quot;:10527,&quot;parent_product_id&quot;:0,&quot;product_type&quot;:&quot;bundle&quot;,&quot;is_single&quot;:false,&quot;in_default_wishlist&quot;:false,&quot;show_view&quot;:false,&quot;browse_wishlist_text&quot;:&quot;&quot;,&quot;already_in_wishslist_text&quot;:&quot;&quot;,&quot;product_added_text&quot;:&quot;Produit ajout\\u00e9 \\u00e0 la liste de souhaits&quot;,&quot;available_multi_wishlist&quot;:false,&quot;disable_wishlist&quot;:false,&quot;show_count&quot;:false,&quot;ajax_loading&quot;:false,&quot;loop_position&quot;:&quot;before_add_to_cart&quot;,&quot;item&quot;:&quot;add_to_wishlist&quot;}\"\n>\n\t<\/div>\n<div class=\"woocommerce-loop-product__buttons\"><a href=\"https:\/\/filters.erlab.com\/en\/catalogue\/erlab\/postes-de-pesee-securises\/captair-481\/\" aria-describedby=\"woocommerce_loop_add_to_cart_link_describedby_10527\" data-quantity=\"1\" class=\"button product_type_bundle product_type_bundle_input_required add_to_cart_button\" data-product_id=\"10527\" data-product_sku=\"\" aria-label=\"Find out more about \u201cCaptair 481\u201d\" rel=\"nofollow\" data-no-translation=\"\" data-trp-gettext=\"\" data-no-translation-aria-label=\"\">Select options<\/a><\/div>\t<span id=\"woocommerce_loop_add_to_cart_link_describedby_10527\" class=\"screen-reader-text\">\n\t\t\t<\/span>\n<\/li>\n<\/ul>\n<\/div>\t\t\t\t<\/div>\n\t\t\t\t<\/div>\n\t\t\t\t\t<\/div>\n\t\t<\/div>\n\t\t\t\t\t<\/div>\n\t\t<\/section>\n\t\t\t\t<\/div>","protected":false},"excerpt":{"rendered":"<p>Filtres pour postes de pes\u00e9e s\u00e9curis\u00e9s Les filtres pour postes de pes\u00e9e s\u00e9curis\u00e9s Erlab assurent une protection optimale lors des op\u00e9rations de pes\u00e9e en laboratoire. Ils garantissent une excellente stabilit\u00e9 de l\u2019environnement de travail et maintiennent un haut niveau de pr\u00e9cision, essentiel pour les manipulations sensibles.&nbsp;Gr\u00e2ce \u00e0 leur technologie de filtration avanc\u00e9e, ils contribuent \u00e0 [&hellip;]<\/p>","protected":false},"author":1,"featured_media":0,"parent":3133,"menu_order":2,"comment_status":"closed","ping_status":"closed","template":"elementor_header_footer","meta":{"footnotes":""},"class_list":["post-3227","page","type-page","status-publish","hentry"],"_links":{"self":[{"href":"https:\/\/filters.erlab.com\/en\/wp-json\/wp\/v2\/pages\/3227","targetHints":{"allow":["GET"]}}],"collection":[{"href":"https:\/\/filters.erlab.com\/en\/wp-json\/wp\/v2\/pages"}],"about":[{"href":"https:\/\/filters.erlab.com\/en\/wp-json\/wp\/v2\/types\/page"}],"author":[{"embeddable":true,"href":"https:\/\/filters.erlab.com\/en\/wp-json\/wp\/v2\/users\/1"}],"replies":[{"embeddable":true,"href":"https:\/\/filters.erlab.com\/en\/wp-json\/wp\/v2\/comments?post=3227"}],"version-history":[{"count":9,"href":"https:\/\/filters.erlab.com\/en\/wp-json\/wp\/v2\/pages\/3227\/revisions"}],"predecessor-version":[{"id":11324,"href":"https:\/\/filters.erlab.com\/en\/wp-json\/wp\/v2\/pages\/3227\/revisions\/11324"}],"up":[{"embeddable":true,"href":"https:\/\/filters.erlab.com\/en\/wp-json\/wp\/v2\/pages\/3133"}],"wp:attachment":[{"href":"https:\/\/filters.erlab.com\/en\/wp-json\/wp\/v2\/media?parent=3227"}],"curies":[{"name":"wp","href":"https:\/\/api.w.org\/{rel}","templated":true}]}}